{"id":10,"date":"2024-06-06T11:05:44","date_gmt":"2024-06-06T09:05:44","guid":{"rendered":"https:\/\/www.lioba-artisanat.com\/lioba2024\/?page_id=10"},"modified":"2024-06-24T10:50:37","modified_gmt":"2024-06-24T08:50:37","slug":"abbaye-sainte-lioba","status":"publish","type":"page","link":"https:\/\/www.lioba.com\/index.php\/abbaye-sainte-lioba\/","title":{"rendered":"Abbaye Sainte Lioba"},"content":{"rendered":"\n<h1 class=\"wp-block-heading\"><strong><em><u>Nos racines<\/u><\/em><\/strong><\/h1>\n\n\n\n<h2 class=\"wp-block-heading\">Un prieur\u00e9 du 10\u00e8me si\u00e8cle refleurit<\/h2>\n\n\n\n<hr class=\"wp-block-separator has-text-color has-colibri-color-5-color has-alpha-channel-opacity has-colibri-color-5-background-color has-background\"\/>\n\n\n<div class=\"wp-block-image\">\n<figure class=\"aligncenter size-large is-resized\"><img decoding=\"async\" src=\"https:\/\/www.lioba.com\/wp-content\/uploads\/2024\/06\/1a-chapelle-st-Germain-1024x592.jpg\" alt=\"\" style=\"width:623px;height:auto\"\/><\/figure>\n<\/div>\n\n\n<hr class=\"wp-block-separator has-text-color has-colibri-color-5-color has-alpha-channel-opacity has-colibri-color-5-background-color has-background\"\/>\n\n\n\n<figure class=\"wp-block-gallery alignleft has-nested-images columns-4 is-cropped wp-block-gallery-1 is-layout-flex wp-block-gallery-is-layout-flex\">\n<figure class=\"wp-block-image size-large\"><img decoding=\"async\" src=\"https:\/\/www.lioba.com\/wp-content\/uploads\/2024\/06\/1a-chapelle-st-germain-2-1024x702.jpg\" alt=\"\"\/><\/figure>\n\n\n\n<figure class=\"wp-block-image size-large\"><img decoding=\"async\" src=\"https:\/\/www.lioba.com\/wp-content\/uploads\/2024\/06\/17-hotellerie-1024x759.jpg\" alt=\"\"\/><\/figure>\n\n\n\n<figure class=\"wp-block-image size-large\"><img decoding=\"async\" src=\"https:\/\/www.lioba.com\/wp-content\/uploads\/2024\/06\/1f-eglise-1-1024x766.jpg\" alt=\"\"\/><\/figure>\n\n\n\n<figure class=\"wp-block-image size-large\"><img decoding=\"async\" src=\"https:\/\/www.lioba.com\/wp-content\/uploads\/2024\/06\/1a-au-travail-725x1024.jpg\" alt=\"\"\/><\/figure>\n\n\n\n<figure class=\"wp-block-image size-large\"><img decoding=\"async\" src=\"https:\/\/www.lioba.com\/wp-content\/uploads\/2024\/06\/12f-clocher-864x1024.jpg\" alt=\"\"\/><\/figure>\n\n\n\n<figure class=\"wp-block-image size-large\"><img decoding=\"async\" src=\"https:\/\/www.lioba.com\/wp-content\/uploads\/2024\/06\/1f-freres-1-1024x766.jpg\" alt=\"\"\/><\/figure>\n<\/figure>\n\n\n\n<p>Quand, vers 1968, des s\u0153urs et fr\u00e8res b\u00e9n\u00e9dictins construisent leur monast\u00e8re sur le versant inculte de la colline, l\u00e0 o\u00f9 au 10\n                      <sup>\u00e8me<\/sup> des moines de l\u2019Abbaye Saint Victor de Marseille avaient fond\u00e9 un prieur\u00e9, la pr\u00e9sence monastique reprend vie en ce coin de Provence. <em>La semence jet\u00e9e en terre par leurs fr\u00e8res moines va porter \u00e0 nouveau des fruits de paix, de gratuit\u00e9, de beaut\u00e9.<\/em><\/p>\n\n\n\n<hr class=\"wp-block-separator has-text-color has-colibri-color-5-color has-alpha-channel-opacity has-colibri-color-5-background-color has-background\"\/>\n\n\n\n<hr class=\"wp-block-separator has-text-color has-colibri-color-5-color has-alpha-channel-opacity has-colibri-color-5-background-color has-background\"\/>\n\n\n\n<hr class=\"wp-block-separator has-text-color has-colibri-color-5-color has-alpha-channel-opacity has-colibri-color-5-background-color has-background\"\/>\n\n\n\n<p><strong>T\u00e9moignage du peintre Arcabas apr\u00e8s une visite \u00e0 l\u2019Abbaye<\/strong><\/p>\n\n\n\n<p>&nbsp;\u00ab\u00a0Convi\u00e9 par l\u2019abbaye de Sainte-Lioba, je me suis rendu \u00e0 cette invitation, piqu\u00e9 par une curiosit\u00e9 l\u00e9gitime pour le rare, le singulier, l\u2019in\u00e9dit. Je n\u2019ai pas \u00e9t\u00e9 d\u00e9\u00e7u. Le lieu m\u2019a inspir\u00e9 un sentiment de gr\u00e2ce, attribu\u00e9 d\u2019abord\n                      au climat \u00abvelout\u00e9\u00bb de la Provence. Il y avait pourtant autre chose dans ce silence rayonnant d\u2019une joyeuse fertilit\u00e9. Certes, le travail domestique s\u2019y fait, comme ailleurs, mais on le croyait chant\u00e9 dans une louange permanente,\n                      rythm\u00e9 par le tintement de la cloche des offices. Progressivement se r\u00e9v\u00e8le le v\u0153u d\u2019un face \u00e0 face avec Dieu. La pri\u00e8re qui semble flotter dans l\u2019atmosph\u00e8re se cristallise dans les ateliers, o\u00f9 la recherche de la beaut\u00e9 \u00abPOUR LUI\u00bb\n                      est l\u2019unique pr\u00e9occupation et engendre sculptures, vitraux, batiks, tissages somptueux et autres merveilles. J\u2019ai \u00e9t\u00e9 \u00e9bloui \u2026\u00a0\u00bb<\/p>\n\n\n\n<hr class=\"wp-block-separator has-text-color has-alpha-channel-opacity has-background\" style=\"background-color:#fafafa00;color:#fafafa00\"\/>\n\n\n\n<h2 class=\"wp-block-heading\">Hildegard Michaelis, fondatrice de l&rsquo;Abbaye<\/h2>\n\n\n\n<figure class=\"wp-block-gallery alignleft has-nested-images columns-default is-cropped wp-block-gallery-2 is-layout-flex wp-block-gallery-is-layout-flex\">\n<figure class=\"wp-block-image size-large\"><img decoding=\"async\" src=\"https:\/\/www.lioba.com\/wp-content\/uploads\/2024\/06\/Hildegard-Michaelis-2-728x1024.jpg\" alt=\"\"\/><\/figure>\n\n\n\n<figure class=\"wp-block-image size-large\"><img decoding=\"async\" src=\"https:\/\/www.lioba.com\/wp-content\/uploads\/2024\/06\/Hildegard-Michaelis-11-693x1024.jpg\" alt=\"\"\/><\/figure>\n\n\n\n<figure class=\"wp-block-image size-large\"><img decoding=\"async\" src=\"https:\/\/www.lioba.com\/wp-content\/uploads\/2024\/06\/1b-livreMoeder-compr-626x1024.jpg\" alt=\"\"\/><\/figure>\n<\/figure>\n\n\n\n<p>La R\u00e8gle de vie de Saint Beno\u00eet a fait na\u00eetre de nombreuses familles monastiques dont la famille b\u00e9n\u00e9dictine de Sainte Lioba, fond\u00e9e  par Hildegard Michaelis et qui aujourd\u2019hui fait partie de la <a href=\"https:\/\/www.ebcr.eu\/\">Congr\u00e9gation B\u00e9n\u00e9dictine Europ\u00e9enne de la R\u00e9surrection<\/a>.<\/p>\n\n\n\n<p>N\u00e9e en 1900 \u00e0 Erfurt, \u00e9l\u00e8ve de l\u2019\u00e9cole des beaux-arts \u00e0 Hamburg, convertie \u00e0 la foi catholique \u00e0 l\u2019\u00e2ge de 28 ans Hildegard Michaelis fonde en 1935 un premier monast\u00e8re en Hollande. Le nom du monast\u00e8re <strong>Sainte Lioba<\/strong>, nom qui signifie bont\u00e9, amour, rappellera toujours \u00e0 la communaut\u00e9 que la parole de J\u00e9sus&nbsp;: \u00ab&nbsp;c\u2019est \u00e0 l\u2019amour que vous avez les uns pour les autres que tous reconna\u00eetront que vous \u00eates mes disciples \u00bb doit \u00eatre le c\u0153ur de sa vie. En 1966 elle envoie quelques membres en France pour faire des \u00e9tudes des Beaux-arts et de lettres \u00ab&nbsp;en vue de pouvoir participer dans l\u2019avenir \u00e0 la recherche de la pri\u00e8re de l\u2019homme d\u2019aujourd\u2019hui \u00bb. C\u2019est pr\u00e8s des ruines d\u2019un ancien prieur\u00e9 de moines qu\u2019elle d\u00e9cide de faire une fondation, et elle envoie une s\u0153ur et un fr\u00e8re \u00e0 Marseille faire des \u00e9tudes d\u2019architecture. Il va falloir b\u00e2tir deux monast\u00e8res car Dieu lui a donn\u00e9 de former une famille monastique de s\u0153urs et fr\u00e8res o\u00f9 selon Saint Beno\u00eet on cherche Dieu.<\/p>\n\n\n\n<p>Les deux communaut\u00e9s vont vivre gr\u00e2ce au travail artisanal&nbsp;: de sculpture, de vitraux, de c\u00e9ramique, de batik et bien s\u00fbr de tissage de chasubles. Le d\u00e9sir de Hildegard Michaelis \u00e9tant de permettre \u00e0 chacun, dans la mesure de\n                      ses dons et talents, de faire des belles choses et de grandir ainsi humainement. Il faut trouver un \u00e9quilibre entre rigueur et souplesse, entre l\u2019\u00e9panouissement des diff\u00e9rents caract\u00e8res et talents et l\u2019acceptation de les mettre\n                      au service de la communaut\u00e9, entre donner tout ce qu\u2019on a jusqu\u2019\u00e0 se donner soi-m\u00eame, \u00e0 la suite de J\u00e9sus, et porter des fruits pour l\u2019Eglise en tant que communaut\u00e9.<\/p>\n\n\n\n<p><strong>&nbsp;&nbsp;&nbsp;&nbsp;&nbsp;&nbsp;&nbsp;&nbsp; T\u00e9moignage de Dom Andr\u00e9 Louf sur Hildegard Michaelis<\/strong><\/p>\n\n\n\n<p>\u00ab&nbsp;Elle unissait harmonieusement contemplation artistique et contemplation de Dieu\u2026Entre ces deux recherches, il n\u2019y a jamais eu de dissonance chez elle. Elles iront la main dans la main, tout au long d\u2019une vie exceptionnellement f\u00e9conde.&nbsp;\u00bb &nbsp;(\u00ab&nbsp;Cherche Dieu et ton c\u0153ur revivra&nbsp;\u00bb Hildegard Michaelis . p 6&nbsp;)<\/p>\n\n\n\n<p><em><u>Ce livre \u00ab\u00a0Cherche Dieu et ton c\u0153ur revivra\u00a0\u00bb<\/u><\/em>, <em><u>comme aussi un DVD \u00a0sur Hildegard Michaelis peut \u00eatre command\u00e9 \u00e0 l\u2019Abbaye.<\/u><\/em><\/p>\n\n\n\n<hr class=\"wp-block-separator has-text-color has-colibri-color-5-color has-alpha-channel-opacity has-colibri-color-5-background-color has-background\"\/>\n\n\n\n<h2 class=\"wp-block-heading\">Vivre a l&rsquo;\u00e9coute de nos racines juives<\/h2>\n\n\n\n<div class=\"wp-block-columns is-layout-flex wp-container-core-columns-is-layout-9d6595d7 wp-block-columns-is-layout-flex\">\n<div class=\"wp-block-column is-layout-flow wp-block-column-is-layout-flow\" style=\"flex-basis:33.33%\"><div class=\"wp-block-image\">\n<figure class=\"alignright size-large is-resized\"><img decoding=\"async\" src=\"https:\/\/www.lioba.com\/wp-content\/uploads\/2024\/06\/ab-vivre-a-lecoute-659x1024.jpg\" alt=\"\" style=\"width:288px;height:auto\"\/><\/figure>\n<\/div><\/div>\n\n\n\n<div class=\"wp-block-column is-layout-flow wp-block-column-is-layout-flow\" style=\"flex-basis:66.66%\">\n<div class=\"wp-block-group is-vertical is-layout-flex wp-container-core-group-is-layout-76a81b31 wp-block-group-is-layout-flex\">\n<div class=\"wp-block-group is-vertical is-layout-flex wp-container-core-group-is-layout-76a81b31 wp-block-group-is-layout-flex\">\n<p>La pri\u00e8re monastique est compos\u00e9e de psaumes, pri\u00e8res du peuple de la premi\u00e8re alliance, pri\u00e8res de J\u00e9sus. Ces pri\u00e8res qui ont travers\u00e9es les si\u00e8cles, sont des dialogues d&rsquo;amour entre le Cr\u00e9ateur et sa cr\u00e9ature, entre Dieu\n                              et son peuple, qui nous apprennent un c\u0153ur \u00e0 c\u0153ur avec Dieu dans toutes les circonstances de notre vie.&nbsp;<\/p>\n\n\n\n<p>Ces pri\u00e8res, ainsi que les textes des \u00e9vangiles nous rendent conscients de l&rsquo;unit\u00e9 entre la premi\u00e8re et la deuxi\u00e8me alliance ;  les \u00e9tudes bibliques, l&rsquo;\u00e9tude de l&rsquo;h\u00e9breu, ainsi que la tradition juive et sa liturgie marquent la liturgie et la r\u00e9flexion de la communaut\u00e9.<\/p>\n<\/div>\n<\/div>\n\n\n\n<figure class=\"wp-block-audio\"><audio controls src=\"https:\/\/www.lioba.com\/wp-content\/uploads\/2024\/06\/ab-nos-racines-chant-01-Qadosh-Piste-1.mp3\"><\/audio><\/figure>\n<\/div>\n<\/div>\n\n\n\n<p><strong>Le t\u00e9moignage du Rabbin Philippe Haddad<\/strong> <strong>traduit bien l\u2019importance que la relation entre juifs et chr\u00e9tiens signifie pour notre vie monastique<\/strong>&nbsp;:<\/p>\n\n\n\n<figure class=\"wp-block-gallery alignright has-nested-images columns-default is-cropped wp-block-gallery-3 is-layout-flex wp-block-gallery-is-layout-flex\">\n<figure class=\"wp-block-image size-large\"><img loading=\"lazy\" decoding=\"async\" width=\"1024\" height=\"957\" data-id=\"1525\" src=\"https:\/\/www.lioba.com\/wp-content\/uploads\/2024\/06\/Office-de-priere-session-interreligieuse-Modif-2-1024x957.jpg\" alt=\"\" class=\"wp-image-1525\" srcset=\"https:\/\/www.lioba.com\/wp-content\/uploads\/2024\/06\/Office-de-priere-session-interreligieuse-Modif-2-1024x957.jpg 1024w, https:\/\/www.lioba.com\/wp-content\/uploads\/2024\/06\/Office-de-priere-session-interreligieuse-Modif-2-300x280.jpg 300w, https:\/\/www.lioba.com\/wp-content\/uploads\/2024\/06\/Office-de-priere-session-interreligieuse-Modif-2-768x718.jpg 768w, https:\/\/www.lioba.com\/wp-content\/uploads\/2024\/06\/Office-de-priere-session-interreligieuse-Modif-2-1536x1436.jpg 1536w, https:\/\/www.lioba.com\/wp-content\/uploads\/2024\/06\/Office-de-priere-session-interreligieuse-Modif-2-2048x1914.jpg 2048w\" sizes=\"auto, (max-width: 1024px) 100vw, 1024px\" \/><\/figure>\n<\/figure>\n\n\n\n<p>\u00ab&nbsp;Un dicton affirme \u00ab&nbsp;quand on aime on ne compte pas&nbsp;\u00bb. Je ne sais plus depuis combien d\u2019ann\u00e9es je viens \u00e0 Sainte Lioba, je ne compte plus. Mais ce qui ne se compte pas peut se conter. J\u2019aime cette communaut\u00e9 pour son\n                      accueil, son hospitalit\u00e9, son ouverture d\u2019esprit, son sourire. Tout se vit en amabilit\u00e9, en attentions profondes, en \u00e9coute mutuelle, dans un cadre b\u00e9ni de Dieu. Chaque ann\u00e9e je propose une m\u00e9ditation sur un th\u00e8me biblique de foi\n                      que je puise autant dans le Tanakh que dans les enseignements de J\u00e9sus. Pour la tradition juive l\u2019\u00e9tude de la Torah (la parole de Dieu) constitue l\u2019un des piliers du monde. En \u00e9tudiant nous dialoguons avec l\u2019Eternel, avec J\u00e9sus&nbsp;;\n                      nous nourrissons notre \u00e2me pour combler sa faim et sa soif. Mais l\u2019\u00e9tude a besoin de la pri\u00e8re, le deuxi\u00e8me pilier du monde. Durant la t\u00e9fila, nous adressons nos paroles, nous tournons notre c\u0153ur vers notre P\u00e8re qui est cieux, pour\n                      Le louer et Le remercier pour tout. Nous prions en fran\u00e7ais, nous prions en h\u00e9breu. Cette douce exp\u00e9rience telle une caresse divine porte cette esp\u00e9rance d\u2019un monde pacifi\u00e9, royaume de Dieu sur terre. Finalement ce moment de partage\n                      compte vraiment&nbsp;! Alleluia.&nbsp;\u00bb&nbsp;<\/p>\n\n\n\n<hr class=\"wp-block-separator has-text-color has-colibri-color-5-color has-alpha-channel-opacity has-colibri-color-5-background-color has-background\"\/>\n\n\n\n<h2 class=\"wp-block-heading\"><strong>&nbsp;<\/strong>L\u2019Union des communaut\u00e9s contemplatives autour de la m\u00e9diterran\u00e9e<strong>&nbsp;<\/strong><\/h2>\n\n\n\n<p><strong>Notre communaut\u00e9 appartient \u00e0 \u00ab&nbsp;l\u2019Union des communaut\u00e9s contemplatives autour de la m\u00e9diterran\u00e9e&nbsp;\u00bb<\/strong> (les Carm\u00e9lites de Tanger en Maroc&nbsp;; les Clarisses d\u2019Alexandrie en Egypte&nbsp;; les Augustines de Pennabili\n                      en Italie, les Clarisses de J\u00e9rusalem en Isra\u00ebl, l\u2019Annonciation de Ramallah en Palestine, les Maronites au Liban, les Clarisses de Scutari en Albanie, les Carm\u00e9lites d\u2019Alep) <strong>qui prie et \u0153uvre pour la paix, la fraternit\u00e9, l\u2019unit\u00e9.<\/strong><\/p>\n\n\n\n<div class=\"wp-block-group is-nowrap is-layout-flex wp-container-core-group-is-layout-ad2f72ca wp-block-group-is-layout-flex\">\n<hr class=\"wp-block-separator has-alpha-channel-opacity\"\/>\n<\/div>\n\n\n<div class=\"wp-block-image\">\n<figure class=\"aligncenter size-large is-resized\"><img decoding=\"async\" src=\"https:\/\/www.lioba.com\/wp-content\/uploads\/2024\/06\/ab-union-SCN2555.jpg\" alt=\"\" style=\"width:854px;height:auto\"\/><\/figure>\n<\/div>\n\n\n<div class=\"wp-block-group is-nowrap is-layout-flex wp-container-core-group-is-layout-ad2f72ca wp-block-group-is-layout-flex\"><\/div>\n\n\n\n<p>Nous nous soutenons par notre pri\u00e8re, par des liens de fraternit\u00e9 et chacun de nos monast\u00e8res s\u2019engage \u00e0&nbsp;r\u00e9fl\u00e9chir et \u00e0 dialoguer communautairement sur une piste de r\u00e9flexion, concernant la situation actuelle de la M\u00e9diterran\u00e9e,\n                      aujourd\u2019hui carrefour des tensions les plus graves de la plan\u00e8te.<\/p>\n\n\n\n<hr class=\"wp-block-separator has-text-color has-colibri-color-5-color has-alpha-channel-opacity has-colibri-color-5-background-color has-background\"\/>\n\n\n\n<hr class=\"wp-block-separator has-text-color has-colibri-color-5-color has-alpha-channel-opacity has-colibri-color-5-background-color has-background\"\/>\n\n\n\n<h2 class=\"wp-block-heading\">Une communaut\u00e9 ouverte aux autres \u00e9glises chr\u00e9tiennes et au dialogue interreligieux.<\/h2>\n\n\n<div class=\"wp-block-image\">\n<figure class=\"aligncenter size-large is-resized\"><img decoding=\"async\" src=\"https:\/\/www.lioba.com\/wp-content\/uploads\/2024\/06\/1d-DIM-Olivier-2-e1718439274579-1024x816.jpg\" alt=\"\" style=\"width:445px;height:auto\"\/><\/figure>\n<\/div>\n\n<div class=\"wp-block-image\">\n<figure class=\"aligncenter size-large is-resized\"><img decoding=\"async\" src=\"https:\/\/www.lioba.com\/wp-content\/uploads\/2024\/06\/ab-inter-olivier-DSC06108-869x1024.jpg\" alt=\"\" style=\"width:295px;height:auto\"\/><\/figure>\n<\/div>\n\n\n<p>Le dialogue d\u2019une communaut\u00e9 monastique est pour nous moins une participation \u00e0 des discussions, \u00e0 des d\u00e9bats th\u00e9ologiques ou \u00e0 des actions qu\u2019un partage de notre pri\u00e8re avec d\u2019autres, une rencontre au niveau de la pri\u00e8re v\u00e9cue ensemble. Pour nous le vrai dialogue se situe au niveau du c\u0153ur l\u00e0 o\u00f9 Dieu nous habite, l\u00e0 o\u00f9 nous rencontrons l\u2019autre au-del\u00e0 des mots, dans le myst\u00e8re de l\u2019amour de Dieu, l\u00e0 o\u00f9 nous sommes d\u00e9j\u00e0 des fr\u00e8res et des s\u0153urs, tous cr\u00e9\u00e9s \u00e0 l\u2019image de notre Cr\u00e9ateur.<br>Nos relations avec les \u00e9glises protestantes, pour lesquelles nous sommes tr\u00e8s reconnaissantes, nous ont donn\u00e9 l\u2019exp\u00e9rience que se comprendre les uns les autres n\u2019est possible que dans la dur\u00e9e, dans une ouverture envers la tradition de l\u2019autre. L\u2019amiti\u00e9, la fraternit\u00e9 ont besoin du temps, se construisent avec patience et fid\u00e9lit\u00e9 au fur et \u00e0 mesure des rencontres marqu\u00e9es par une confiance qui s\u2019agrandit.<\/p>\n\n\n\n<figure class=\"wp-block-gallery has-nested-images columns-default is-cropped wp-block-gallery-4 is-layout-flex wp-block-gallery-is-layout-flex\">\n<figure class=\"wp-block-image size-large\"><img decoding=\"async\" src=\"https:\/\/www.lioba.com\/wp-content\/uploads\/2024\/06\/ab-inter-des-pasteurs-protestants-1024x682.jpg\" alt=\"\"\/><figcaption class=\"wp-element-caption\">avec les pasteurs de notre r\u00e9gion<\/figcaption><\/figure>\n\n\n\n<figure class=\"wp-block-image size-large\"><img decoding=\"async\" src=\"https:\/\/www.lioba.com\/wp-content\/uploads\/2024\/06\/ab-inter-un-bapteme-par-le-pasteur-Gill-dans-notre-eglise-1024x683.jpg\" alt=\"\"\/><figcaption class=\"wp-element-caption\">un bapt\u00eame<\/figcaption><\/figure>\n\n\n\n<figure class=\"wp-block-image size-large\"><img decoding=\"async\" src=\"https:\/\/www.lioba.com\/wp-content\/uploads\/2024\/06\/ab-liturgie-prot--1024x683.jpg\" alt=\"\"\/><figcaption class=\"wp-element-caption\">temps de pri\u00e8re <\/figcaption><\/figure>\n<\/figure>\n\n\n\n<p><br><\/p>\n\n\n\n<hr class=\"wp-block-separator has-text-color has-colibri-color-5-color has-alpha-channel-opacity has-colibri-color-5-background-color has-background\"\/>\n\n\n\n<h2 class=\"wp-block-heading\">Une visite du monast\u00e8re :<\/h2>\n\n\n\n<figure class=\"wp-block-gallery has-nested-images columns-4 is-cropped wp-block-gallery-5 is-layout-flex wp-block-gallery-is-layout-flex\">\n<figure class=\"wp-block-image size-large\"><img loading=\"lazy\" decoding=\"async\" width=\"905\" height=\"1024\" data-id=\"546\" src=\"https:\/\/www.lioba.com\/wp-content\/uploads\/2024\/06\/entree--e1718956659727-905x1024.jpg\" alt=\"\" class=\"wp-image-546\" srcset=\"https:\/\/www.lioba.com\/wp-content\/uploads\/2024\/06\/entree--e1718956659727-905x1024.jpg 905w, https:\/\/www.lioba.com\/wp-content\/uploads\/2024\/06\/entree--e1718956659727-265x300.jpg 265w, https:\/\/www.lioba.com\/wp-content\/uploads\/2024\/06\/entree--e1718956659727-768x869.jpg 768w, https:\/\/www.lioba.com\/wp-content\/uploads\/2024\/06\/entree--e1718956659727.jpg 1326w\" sizes=\"auto, (max-width: 905px) 100vw, 905px\" \/><figcaption class=\"wp-element-caption\">Entr\u00e9e du monast\u00e8re<\/figcaption><\/figure>\n\n\n\n<figure class=\"wp-block-image size-large\"><img decoding=\"async\" src=\"https:\/\/www.lioba.com\/wp-content\/uploads\/2024\/06\/1f-Abbaye-sainte-Lioba-12-766x1024.jpg\" alt=\"\"\/><figcaption class=\"wp-element-caption\">vers l&rsquo;\u00e9glise<\/figcaption><\/figure>\n\n\n\n<figure class=\"wp-block-image size-large\"><img loading=\"lazy\" decoding=\"async\" width=\"916\" height=\"1024\" data-id=\"1098\" src=\"https:\/\/www.lioba.com\/wp-content\/uploads\/2024\/06\/ab-visite-eglise-Abbaye-sainte-Lioba-6-e1718785532871-916x1024.jpg\" alt=\"\" class=\"wp-image-1098\" srcset=\"https:\/\/www.lioba.com\/wp-content\/uploads\/2024\/06\/ab-visite-eglise-Abbaye-sainte-Lioba-6-e1718785532871-916x1024.jpg 916w, https:\/\/www.lioba.com\/wp-content\/uploads\/2024\/06\/ab-visite-eglise-Abbaye-sainte-Lioba-6-e1718785532871-268x300.jpg 268w, https:\/\/www.lioba.com\/wp-content\/uploads\/2024\/06\/ab-visite-eglise-Abbaye-sainte-Lioba-6-e1718785532871-768x858.jpg 768w, https:\/\/www.lioba.com\/wp-content\/uploads\/2024\/06\/ab-visite-eglise-Abbaye-sainte-Lioba-6-e1718785532871-1375x1536.jpg 1375w, https:\/\/www.lioba.com\/wp-content\/uploads\/2024\/06\/ab-visite-eglise-Abbaye-sainte-Lioba-6-e1718785532871.jpg 1643w\" sizes=\"auto, (max-width: 916px) 100vw, 916px\" \/><figcaption class=\"wp-element-caption\">clocher<\/figcaption><\/figure>\n\n\n\n<figure class=\"wp-block-image size-large\"><img decoding=\"async\" src=\"https:\/\/www.lioba.com\/wp-content\/uploads\/2024\/06\/2c-sriptorium-1024x682.jpg\" alt=\"\"\/><figcaption class=\"wp-element-caption\">scriptorium<\/figcaption><\/figure>\n\n\n\n<figure class=\"wp-block-image size-large\"><img decoding=\"async\" src=\"https:\/\/www.lioba.com\/wp-content\/uploads\/2024\/06\/freres-1024x768.jpg\" alt=\"\"\/><figcaption class=\"wp-element-caption\">monast\u00e8re des fr\u00e8res<\/figcaption><\/figure>\n\n\n\n<figure class=\"wp-block-image size-large\"><img decoding=\"async\" src=\"https:\/\/www.lioba.com\/wp-content\/uploads\/2024\/06\/visite-refectoire.jpg\" alt=\"\"\/><figcaption class=\"wp-element-caption\">refectoire<\/figcaption><\/figure>\n\n\n\n<figure class=\"wp-block-image size-large\"><img decoding=\"async\" src=\"https:\/\/www.lioba.com\/wp-content\/uploads\/2024\/06\/poterie-1024x682.jpg\" alt=\"\"\/><figcaption class=\"wp-element-caption\">p\u00f4terie<\/figcaption><\/figure>\n\n\n\n<figure class=\"wp-block-image size-large\"><img decoding=\"async\" src=\"https:\/\/www.lioba.com\/wp-content\/uploads\/2024\/06\/un-coin-du-monastere-1-1024x768.jpg\" alt=\"\"\/><figcaption class=\"wp-element-caption\">un coin du monast\u00e8re<\/figcaption><\/figure>\n\n\n\n<figure class=\"wp-block-image size-large\"><img decoding=\"async\" src=\"https:\/\/www.lioba.com\/wp-content\/uploads\/2024\/06\/Beith-Hayim--1024x682.jpg\" alt=\"\"\/><figcaption class=\"wp-element-caption\">entr\u00e9e cimeti\u00e8re<\/figcaption><\/figure>\n\n\n\n<figure class=\"wp-block-image size-large\"><img loading=\"lazy\" decoding=\"async\" width=\"1024\" height=\"682\" data-id=\"1097\" src=\"https:\/\/www.lioba.com\/wp-content\/uploads\/2024\/06\/ab-visite-liturgie-a-Beith-Hayim--1024x682.jpg\" alt=\"\" class=\"wp-image-1097\" srcset=\"https:\/\/www.lioba.com\/wp-content\/uploads\/2024\/06\/ab-visite-liturgie-a-Beith-Hayim--1024x682.jpg 1024w, https:\/\/www.lioba.com\/wp-content\/uploads\/2024\/06\/ab-visite-liturgie-a-Beith-Hayim--300x200.jpg 300w, https:\/\/www.lioba.com\/wp-content\/uploads\/2024\/06\/ab-visite-liturgie-a-Beith-Hayim--768x512.jpg 768w, https:\/\/www.lioba.com\/wp-content\/uploads\/2024\/06\/ab-visite-liturgie-a-Beith-Hayim--1536x1024.jpg 1536w, https:\/\/www.lioba.com\/wp-content\/uploads\/2024\/06\/ab-visite-liturgie-a-Beith-Hayim-.jpg 2000w\" sizes=\"auto, (max-width: 1024px) 100vw, 1024px\" \/><figcaption class=\"wp-element-caption\">cimeti\u00e8re<\/figcaption><\/figure>\n\n\n\n<figure class=\"wp-block-image size-large\"><img decoding=\"async\" src=\"https:\/\/www.lioba.com\/wp-content\/uploads\/2024\/06\/1f-hotellerie-11-1024x766.jpg\" alt=\"\"\/><figcaption class=\"wp-element-caption\">maison d&rsquo;accueil<\/figcaption><\/figure>\n\n\n\n<figure class=\"wp-block-image size-large\"><img decoding=\"async\" src=\"https:\/\/www.lioba.com\/wp-content\/uploads\/2024\/06\/visite-magasin-daccueil.jpg\" alt=\"\"\/><figcaption class=\"wp-element-caption\">magasin<\/figcaption><\/figure>\n<\/figure>\n\n\n\n<hr class=\"wp-block-separator has-text-color has-colibri-color-5-color has-alpha-channel-opacity has-colibri-color-5-background-color has-background\"\/>\n","protected":false},"excerpt":{"rendered":"<p>Nos racines Un prieur\u00e9 du 10\u00e8me si\u00e8cle refleurit Quand, vers 1968, des s\u0153urs et fr\u00e8res b\u00e9n\u00e9dictins construisent leur monast\u00e8re sur le versant inculte de la colline, l\u00e0 o\u00f9 au 10 \u00e8me des moines de l\u2019Abbaye Saint Victor de Marseille avaient fond\u00e9 un prieur\u00e9, la pr\u00e9sence monastique reprend vie en ce coin de Provence. La semence [&hellip;]<\/p>\n","protected":false},"author":1,"featured_media":1297,"parent":0,"menu_order":0,"comment_status":"closed","ping_status":"closed","template":"","meta":{"footnotes":""},"class_list":["post-10","page","type-page","status-publish","has-post-thumbnail","hentry"],"_links":{"self":[{"href":"https:\/\/www.lioba.com\/index.php\/wp-json\/wp\/v2\/pages\/10","targetHints":{"allow":["GET"]}}],"collection":[{"href":"https:\/\/www.lioba.com\/index.php\/wp-json\/wp\/v2\/pages"}],"about":[{"href":"https:\/\/www.lioba.com\/index.php\/wp-json\/wp\/v2\/types\/page"}],"author":[{"embeddable":true,"href":"https:\/\/www.lioba.com\/index.php\/wp-json\/wp\/v2\/users\/1"}],"replies":[{"embeddable":true,"href":"https:\/\/www.lioba.com\/index.php\/wp-json\/wp\/v2\/comments?post=10"}],"version-history":[{"count":20,"href":"https:\/\/www.lioba.com\/index.php\/wp-json\/wp\/v2\/pages\/10\/revisions"}],"predecessor-version":[{"id":1556,"href":"https:\/\/www.lioba.com\/index.php\/wp-json\/wp\/v2\/pages\/10\/revisions\/1556"}],"wp:featuredmedia":[{"embeddable":true,"href":"https:\/\/www.lioba.com\/index.php\/wp-json\/wp\/v2\/media\/1297"}],"wp:attachment":[{"href":"https:\/\/www.lioba.com\/index.php\/wp-json\/wp\/v2\/media?parent=10"}],"curies":[{"name":"wp","href":"https:\/\/api.w.org\/{rel}","templated":true}]}}