{"id":1011,"date":"2024-06-17T16:57:26","date_gmt":"2024-06-17T14:57:26","guid":{"rendered":"https:\/\/www.lioba-artisanat.com\/lioba2024\/?page_id=1011"},"modified":"2026-03-29T14:23:28","modified_gmt":"2026-03-29T12:23:28","slug":"sessions-et-retraites-2","status":"publish","type":"page","link":"https:\/\/www.lioba.com\/index.php\/sessions-et-retraites-2\/","title":{"rendered":"sessions et retraites"},"content":{"rendered":"\n<hr class=\"wp-block-separator has-text-color has-colibri-color-5-color has-alpha-channel-opacity has-colibri-color-5-background-color has-background is-style-default\"\/>\n\n\n\n<p>Nos sessions veulent vous donner la possibilit\u00e9 de vous ressourcer. Elles vous permettront de vivre un temps de recul, de r\u00e9flexion, de pri\u00e8re, d\u2019approfondir votre relation avec Dieu, de mieux conna\u00eetre le message des \u00e9vangiles.<\/p>\n\n\n\n<p>Pour vous inscrire voici notre adresse mail&nbsp;: benedictins@lioba.com<\/p>\n\n\n\n<hr class=\"wp-block-separator has-alpha-channel-opacity\"\/>\n\n\n\n<h1 class=\"wp-block-heading has-text-color has-link-color wp-elements-71da0e3365206356b1d6f501a0162182\" style=\"color:#cf2ca6\">Sessions et retraites en 2026<\/h1>\n\n\n\n<hr class=\"wp-block-separator has-alpha-channel-opacity\"\/>\n\n\n\n<h3 class=\"wp-block-heading has-colibri-color-1-color has-text-color has-link-color wp-elements-3b77569088068a22856db3fe4d972d3e\"><a>21 f\u00e9vrier (10h) -22 f\u00e9vrier (14h)<\/a><\/h3>\n\n\n\n<h4 class=\"wp-block-heading has-colibri-color-2-color has-text-color has-link-color wp-elements-5d6cbcb24a569249b31b5674ec4728b8\"><strong>Pause au monast\u00e8re&nbsp;pour les 17 \u00e0 35 ans<\/strong><\/h4>\n\n\n\n<p class=\"has-text-align-center\">\u00b0Temps d\u2019enseignement&nbsp;: <em>Prier avec J\u00e9sus les psaumes&nbsp;: apprendre de J\u00e9sus \u00e0 Dialoguer librement avec Dieu<\/em><\/p>\n\n\n\n<p class=\"has-text-align-center\">\u00b0 Temps de pri\u00e8re et d\u2019adoration et c<em>hanter avec la communaut\u00e9 les psaumes. &nbsp;<\/em><\/p>\n\n\n\n<p class=\"has-text-align-center\">\u00b0Possibilit\u00e9 pour ceux qui le d\u00e9sirent de <em>travailler une heure dehors aupr\u00e8s des oliviers&nbsp;! (Tu peux aussi r\u00e9viser&nbsp;!)<\/em><\/p>\n\n\n<div class=\"wp-block-image\">\n<figure class=\"aligncenter size-full is-resized\"><img loading=\"lazy\" decoding=\"async\" width=\"720\" height=\"480\" src=\"https:\/\/www.lioba.com\/wp-content\/uploads\/2026\/01\/DSC09827-Petit.jpg\" alt=\"\" class=\"wp-image-1664\" style=\"width:376px;height:auto\" srcset=\"https:\/\/www.lioba.com\/wp-content\/uploads\/2026\/01\/DSC09827-Petit.jpg 720w, https:\/\/www.lioba.com\/wp-content\/uploads\/2026\/01\/DSC09827-Petit-300x200.jpg 300w\" sizes=\"auto, (max-width: 720px) 100vw, 720px\" \/><\/figure>\n<\/div>\n\n\n<hr class=\"wp-block-separator has-alpha-channel-opacity\"\/>\n\n\n\n<hr class=\"wp-block-separator has-alpha-channel-opacity\"\/>\n\n\n\n<h3 class=\"wp-block-heading has-colibri-color-1-color has-text-color has-link-color wp-elements-1e2e7e614011060b18e3853662df0c40\"><strong>14 mars (10h) &#8211; 15 mars (16h)&nbsp;:<\/strong><\/h3>\n\n\n\n<h4 class=\"wp-block-heading has-colibri-color-2-color has-text-color has-link-color wp-elements-55deb13ceb00df5a45e662670690b6b4\"><strong>Retraite de Car\u00eame&nbsp;: <em>: \u00ab&nbsp;Envoie ta lumi\u00e8re et ta v\u00e9rit\u00e9&nbsp;\u00bb<\/em><\/strong><\/h4>\n\n\n\n<p><u>Samedi<\/u> 14 mars<\/p>\n\n\n\n<p class=\"has-text-align-center\"><strong><em> 10h30 Accueil<\/em><\/strong><\/p>\n\n\n\n<p class=\"has-text-align-center has-colibri-color-6-color has-text-color has-link-color wp-elements-d7d52e8dcf9845881c113f9405dc2f46\"><a><strong><em>11h30&nbsp;: Avec fr. Muban&nbsp;: Et Pilate demandait \u00e0 J\u00e9sus&nbsp;: \u00ab&nbsp;Qu\u2019est-ce qu\u2019est la v\u00e9rit\u00e9&nbsp;?&nbsp;\u00bb<\/em><\/strong><\/a><\/p>\n\n\n\n<p class=\"has-text-align-center\"><strong><em>15.30&nbsp;:<strong><em> Avec le Pr. J. Kopferschmitt&nbsp;: \u00ab&nbsp;L\u2019IA \u00e0 l\u2019\u00e9preuve de la v\u00e9rit\u00e9&nbsp;\u00bb<\/em><\/strong><\/em><\/strong> <\/p>\n\n\n\n<p><strong><em><u>Dimanche<\/u><\/em><\/strong> 15 mars<\/p>\n\n\n\n<p class=\"has-text-align-center\"><strong><em>9h30&nbsp;:<\/em><\/strong> <strong><em>Avec la Dr. C. Kopferschmitt&nbsp;:&nbsp;\u00ab&nbsp;Aide \u00e0 mourir, aide \u00e0 vivre&nbsp;? O\u00f9 est la v\u00e9rit\u00e9&nbsp;?&nbsp;\u00bb<\/em><\/strong><\/p>\n\n\n\n<p class=\"has-text-align-center\"><strong><em>15.h : Avec sr. Yahasdi&nbsp;: A l\u2019\u00e9coute de la pri\u00e8re des psaumes&nbsp;: \u00ab&nbsp;Envoie ta lumi\u00e8re et ta v\u00e9rit\u00e9&nbsp;\u00bb (Ps 43,3)<\/em><\/strong> <strong><em>suivi de la r\u00e9union de la fin de la retraite<\/em><\/strong><\/p>\n\n\n\n<p class=\"has-text-align-center\"><strong>Pour r\u00e9server&nbsp;: <\/strong>Merci de nous communiquer votre adresse postale et votre num\u00e9ro de t\u00e9l\u00e9phone et de confirmer la r\u00e9servation de votre chambre en nous envoyant un petit acompte de 30 \u20ac<\/p>\n\n\n\n<p>Notre adresse postale&nbsp;: &nbsp;&nbsp;Abbaye Sainte Lioba&nbsp; <\/p>\n\n\n\n<p>530 Chemin des M\u00e9rentiers&nbsp;&nbsp;&nbsp; 13109 Simiane Collongue<\/p>\n\n\n\n<p><em>Pour ceux et celles qui aiment prolonger la retraite et partir <strong><u>Lundi \u00e0 la fin de la matin\u00e9e&nbsp;ou rester encore quelques jours:<\/u><\/strong><\/em><\/p>\n\n\n\n<p class=\"has-text-align-center\"><strong><em>9h30&nbsp;: Avec sr. Yahasdi&nbsp;: Suite&nbsp;:&nbsp; A l\u2019\u00e9coute de la pri\u00e8re des psaumes.<\/em><\/strong><\/p>\n\n\n\n<hr class=\"wp-block-separator has-text-color has-colibri-color-5-color has-alpha-channel-opacity has-colibri-color-5-background-color has-background\"\/>\n\n\n\n<hr class=\"wp-block-separator has-alpha-channel-opacity\"\/>\n\n\n\n<h2 class=\"wp-block-heading has-colibri-color-1-color has-text-color has-link-color wp-elements-d209cdd369b45f6964bc44906db06bfa\"><strong><strong>23 mai (15h)- 26 mai (11h)&nbsp;:<\/strong><\/strong><\/h2>\n\n\n\n<h3 class=\"wp-block-heading has-colibri-color-2-color has-text-color has-link-color wp-elements-ab4c243f2bf55a1cf4d12283ce5de1ad\"><strong>\u00ab\u00a0Vers un monde d&rsquo;harmonie, en suivant sainte Hildegarde\u00a0\u00bb<\/strong><\/h3>\n\n\n\n<p>Samedi apr\u00e8s-midi et dimanche matin avec sr.Elai\u00e8&nbsp;:<\/p>\n\n\n\n<h3 class=\"wp-block-heading\"><strong>le Testament Proph\u00e9tique de Sainte Hildegarde : \u00e9couter le message qu\u2019elle nous confie \u00e0 la fin de sa vie.<\/strong><\/h3>\n\n\n<div class=\"wp-block-image\">\n<figure class=\"aligncenter size-large is-resized\"><img loading=\"lazy\" decoding=\"async\" width=\"716\" height=\"1024\" src=\"https:\/\/www.lioba.com\/wp-content\/uploads\/2024\/06\/ses-9a-SH-IMG_20220407_0001-716x1024.jpg\" alt=\"\" class=\"wp-image-1142\" style=\"width:229px;height:auto\" srcset=\"https:\/\/www.lioba.com\/wp-content\/uploads\/2024\/06\/ses-9a-SH-IMG_20220407_0001-716x1024.jpg 716w, https:\/\/www.lioba.com\/wp-content\/uploads\/2024\/06\/ses-9a-SH-IMG_20220407_0001-210x300.jpg 210w, https:\/\/www.lioba.com\/wp-content\/uploads\/2024\/06\/ses-9a-SH-IMG_20220407_0001-768x1098.jpg 768w, https:\/\/www.lioba.com\/wp-content\/uploads\/2024\/06\/ses-9a-SH-IMG_20220407_0001-1074x1536.jpg 1074w, https:\/\/www.lioba.com\/wp-content\/uploads\/2024\/06\/ses-9a-SH-IMG_20220407_0001.jpg 1399w\" sizes=\"auto, (max-width: 716px) 100vw, 716px\" \/><\/figure>\n<\/div>\n\n\n<p class=\"has-text-align-left\">Dimanche apr\u00e8s-midi \u00e0 mardi matin avec le p\u00e8re Pierre Dumoulin&nbsp;:<\/p>\n\n\n\n<h3 class=\"wp-block-heading\"><strong>Le livre des \u0153uvres divines&nbsp;: \u00ab\u00a0Vers un monde d&rsquo;harmonie&nbsp;<\/strong>\u00ab\u00a0<strong>.<\/strong><\/h3>\n\n\n\n<hr class=\"wp-block-separator has-alpha-channel-opacity\"\/>\n\n\n\n<h2 class=\"wp-block-heading has-colibri-color-1-color has-text-color has-link-color wp-elements-b2d890db89ba82c6441499790025ab44\"><strong>15 juillet (17h) &#8211; 18 juillet (14h)&nbsp;:<\/strong><\/h2>\n\n\n\n<h3 class=\"wp-block-heading has-colibri-color-2-color has-text-color has-link-color wp-elements-f99fc4f61cbbea0105859b487f57bd66\"><strong><em>Cr\u00e9er \u00e0 partir du silence (poterie); Art et recherche de Dieu<\/em><\/strong><\/h3>\n\n\n\n<p class=\"has-text-align-center\"><strong><em>Le matin&nbsp;: cours de poterie<\/em><\/strong><\/p>\n\n\n\n<p class=\"has-text-align-center\"><strong><em>L\u2019apr\u00e8s-midi&nbsp;: Comment se nourrir d\u2019un texte de la bible&nbsp;?<\/em><\/strong><\/p>\n\n\n\n<p class=\"has-text-align-center\"><strong><em>Comment un psaume peut nous aider \u00e0 prier, \u00e0 vivre une relation avec Dieu&nbsp;?<\/em><\/strong><\/p>\n\n\n\n<p class=\"has-text-align-center\"><strong><em>Ce partage est suivi d\u2019un temps de silence de d\u00e9tente<\/em><\/strong><\/p>\n\n\n<div class=\"wp-block-image\">\n<figure class=\"aligncenter size-full is-resized\"><img loading=\"lazy\" decoding=\"async\" width=\"720\" height=\"480\" src=\"https:\/\/www.lioba.com\/wp-content\/uploads\/2026\/01\/DSC09888-Petit.jpg\" alt=\"\" class=\"wp-image-1661\" style=\"width:378px;height:auto\" srcset=\"https:\/\/www.lioba.com\/wp-content\/uploads\/2026\/01\/DSC09888-Petit.jpg 720w, https:\/\/www.lioba.com\/wp-content\/uploads\/2026\/01\/DSC09888-Petit-300x200.jpg 300w\" sizes=\"auto, (max-width: 720px) 100vw, 720px\" \/><\/figure>\n<\/div>\n\n\n<hr class=\"wp-block-separator has-alpha-channel-opacity\"\/>\n\n\n\n<h2 class=\"wp-block-heading has-colibri-color-1-color has-text-color has-link-color wp-elements-6cc6b5f28acd1c7c5fecb313b0be30d8\"><a><strong>27 juillet (10h) &#8211; 29 juillet (11h) :<\/strong><\/a><\/h2>\n\n\n\n<h3 class=\"wp-block-heading has-colibri-color-2-color has-text-color has-link-color wp-elements-e87719a79edbf61d04ad81a16d792b32\"><strong>Session interreligieuse avec le Rabbin Haddad<\/strong><\/h3>\n\n\n\n<h3 class=\"wp-block-heading has-text-align-center\"><em>\u00ab&nbsp;Mo\u00efse, l\u2019homme de l\u2019autorit\u00e9,<\/em> <em>l\u2019homme de l\u2019humilit\u00e9<\/em>.&nbsp;\u00bb<\/h3>\n\n\n\n<p class=\"has-text-align-center\"><em>A l\u2019\u00e9coute du premier et deuxi\u00e8me Testament<\/em><\/p>\n\n\n\n<h3 class=\"wp-block-heading has-text-align-center\"><strong>J\u00e9sus leur dit en r\u00e9pondant&nbsp;: \u00ab&nbsp;Qu\u2019est-ce que Mo\u00efse vous a command\u00e9&nbsp;?&nbsp;\u00bb<\/strong><\/h3>\n\n\n\n<div class=\"wp-block-columns is-layout-flex wp-container-core-columns-is-layout-9d6595d7 wp-block-columns-is-layout-flex\">\n<div class=\"wp-block-column is-layout-flow wp-block-column-is-layout-flow\" style=\"flex-basis:33.33%\">\n<figure class=\"wp-block-image size-large is-resized\"><img loading=\"lazy\" decoding=\"async\" width=\"768\" height=\"1024\" src=\"https:\/\/www.lioba.com\/wp-content\/uploads\/2024\/06\/IMG_3659-Copie-768x1024.jpg\" alt=\"\" class=\"wp-image-1290\" style=\"width:230px;height:auto\" srcset=\"https:\/\/www.lioba.com\/wp-content\/uploads\/2024\/06\/IMG_3659-Copie-768x1024.jpg 768w, https:\/\/www.lioba.com\/wp-content\/uploads\/2024\/06\/IMG_3659-Copie-225x300.jpg 225w, https:\/\/www.lioba.com\/wp-content\/uploads\/2024\/06\/IMG_3659-Copie-1152x1536.jpg 1152w, https:\/\/www.lioba.com\/wp-content\/uploads\/2024\/06\/IMG_3659-Copie.jpg 1500w\" sizes=\"auto, (max-width: 768px) 100vw, 768px\" \/><\/figure>\n<\/div>\n\n\n\n<div class=\"wp-block-column is-layout-flow wp-block-column-is-layout-flow\" style=\"flex-basis:66.66%\">\n<figure class=\"wp-block-image size-large is-resized\"><img loading=\"lazy\" decoding=\"async\" width=\"1024\" height=\"768\" src=\"https:\/\/www.lioba.com\/wp-content\/uploads\/2024\/06\/1c-IMG_1644-1024x768.jpg\" alt=\"\" class=\"wp-image-424\" style=\"width:411px;height:auto\" srcset=\"https:\/\/www.lioba.com\/wp-content\/uploads\/2024\/06\/1c-IMG_1644-1024x768.jpg 1024w, https:\/\/www.lioba.com\/wp-content\/uploads\/2024\/06\/1c-IMG_1644-300x225.jpg 300w, https:\/\/www.lioba.com\/wp-content\/uploads\/2024\/06\/1c-IMG_1644-768x576.jpg 768w, https:\/\/www.lioba.com\/wp-content\/uploads\/2024\/06\/1c-IMG_1644-1536x1152.jpg 1536w, https:\/\/www.lioba.com\/wp-content\/uploads\/2024\/06\/1c-IMG_1644.jpg 2000w\" sizes=\"auto, (max-width: 1024px) 100vw, 1024px\" \/><\/figure>\n<\/div>\n<\/div>\n\n\n\n<hr class=\"wp-block-separator has-text-color has-colibri-color-5-color has-alpha-channel-opacity has-colibri-color-5-background-color has-background\"\/>\n\n\n\n<hr class=\"wp-block-separator has-alpha-channel-opacity\"\/>\n\n\n\n<h2 class=\"wp-block-heading has-colibri-color-1-color has-text-color has-link-color wp-elements-6420e5b21ff760a2df56a4622052be03\"><strong>24 ao\u00fbt (17h) &#8211; 27 ao\u00fbt&nbsp;(14h)&nbsp;:<\/strong><\/h2>\n\n\n\n<h3 class=\"wp-block-heading has-colibri-color-2-color has-text-color has-link-color wp-elements-f99fc4f61cbbea0105859b487f57bd66\"><strong><em>Cr\u00e9er \u00e0 partir du silence (poterie); Art et recherche de Dieu<\/em><\/strong><\/h3>\n\n\n\n<p class=\"has-text-align-center\"><strong><em>Le matin&nbsp;: cours de poterie<\/em><\/strong><\/p>\n\n\n\n<p class=\"has-text-align-center\"><strong><em>L\u2019apr\u00e8s-midi&nbsp;: Comment se nourrir d\u2019un texte de la bible&nbsp;?<\/em><\/strong><\/p>\n\n\n\n<p class=\"has-text-align-center\"><strong><em>Comment un psaume peut nous aider \u00e0 prier, \u00e0 vivre une relation avec Dieu&nbsp;?<\/em><\/strong><\/p>\n\n\n\n<p class=\"has-text-align-center\"><strong><em>Ce partage est suivi d\u2019un temps de silence, de d\u00e9tente<\/em><\/strong><\/p>\n\n\n<div class=\"wp-block-image\">\n<figure class=\"aligncenter size-full is-resized\"><img loading=\"lazy\" decoding=\"async\" width=\"480\" height=\"720\" src=\"https:\/\/www.lioba.com\/wp-content\/uploads\/2026\/01\/DSC09873-Petit-rotated.jpg\" alt=\"\" class=\"wp-image-1665\" style=\"width:248px;height:auto\" srcset=\"https:\/\/www.lioba.com\/wp-content\/uploads\/2026\/01\/DSC09873-Petit-rotated.jpg 480w, https:\/\/www.lioba.com\/wp-content\/uploads\/2026\/01\/DSC09873-Petit-200x300.jpg 200w\" sizes=\"auto, (max-width: 480px) 100vw, 480px\" \/><\/figure>\n<\/div>\n\n\n<hr class=\"wp-block-separator has-alpha-channel-opacity\"\/>\n\n\n\n<h2 class=\"wp-block-heading has-colibri-color-1-color has-text-color has-link-color wp-elements-8a85e36f2a1d1b92c4cb44c97d268d36\"><strong>7 septembre (17h) avril &#8211; 10 septembre (14h)&nbsp;:<\/strong><\/h2>\n\n\n\n<h3 class=\"wp-block-heading has-colibri-color-2-color has-text-color has-link-color wp-elements-8a53de01a3b64dc0b153f8bc9c83dee9\"><strong><em>Cr\u00e9er \u00e0 partir du silence (peinture) ; Art et recherche de Dieu&nbsp;<\/em><\/strong><\/h3>\n\n\n\n<p class=\"has-text-align-center\"><strong><em>Le matin&nbsp;: cours de peinture<\/em><\/strong><\/p>\n\n\n\n<p class=\"has-text-align-center\"><strong><em>L\u2019apr\u00e8s-midi&nbsp;: Comment se nourrir d\u2019un texte de la bible&nbsp;?<\/em><\/strong><\/p>\n\n\n\n<p class=\"has-text-align-center\"><strong><em>Comment un psaume peut nous aider \u00e0 prier, \u00e0 vivre une relation avec Dieu&nbsp;?<\/em><\/strong><\/p>\n\n\n\n<p class=\"has-text-align-center\"><strong><em>Ce partage est suivi d\u2019un temps de silence, de d\u00e9tente <\/em><\/strong><\/p>\n\n\n\n<hr class=\"wp-block-separator has-text-color has-colibri-color-5-color has-alpha-channel-opacity has-colibri-color-5-background-color has-background\"\/>\n\n\n<div class=\"wp-block-image\">\n<figure class=\"aligncenter size-full is-resized\"><img loading=\"lazy\" decoding=\"async\" width=\"720\" height=\"480\" src=\"https:\/\/www.lioba.com\/wp-content\/uploads\/2026\/01\/DSC00300-Petit.jpg\" alt=\"\" class=\"wp-image-1663\" style=\"aspect-ratio:1.5000366219878416;width:381px;height:auto\" srcset=\"https:\/\/www.lioba.com\/wp-content\/uploads\/2026\/01\/DSC00300-Petit.jpg 720w, https:\/\/www.lioba.com\/wp-content\/uploads\/2026\/01\/DSC00300-Petit-300x200.jpg 300w\" sizes=\"auto, (max-width: 720px) 100vw, 720px\" \/><\/figure>\n<\/div>\n\n\n<hr class=\"wp-block-separator has-text-color has-colibri-color-5-color has-alpha-channel-opacity has-colibri-color-5-background-color has-background\"\/>\n\n\n\n<h3 class=\"wp-block-heading has-colibri-color-1-color has-text-color has-link-color wp-elements-497dca11dd8996b2e482779a2825f52a\"><a>10 octobre (10h) -11 octobre (14h)<\/a><\/h3>\n\n\n\n<h4 class=\"wp-block-heading has-colibri-color-2-color has-text-color has-link-color wp-elements-5d6cbcb24a569249b31b5674ec4728b8\"><strong>Pause au monast\u00e8re&nbsp;pour les 17 \u00e0 35 ans<\/strong><\/h4>\n\n\n\n<p class=\"has-text-align-center\">\u00b0Temps d\u2019enseignement&nbsp;: <em>Prier avec J\u00e9sus les psaumes&nbsp;: apprendre de J\u00e9sus \u00e0 Dialoguer librement avec Dieu<\/em><\/p>\n\n\n\n<p class=\"has-text-align-center\">\u00b0 Temps de pri\u00e8re et d\u2019adoration et c<em>hanter avec la communaut\u00e9 les psaumes. &nbsp;<\/em><\/p>\n\n\n\n<p class=\"has-text-align-center\">\u00b0Possibilit\u00e9 pour ceux qui le d\u00e9sirent de <em>travailler une heure dehors aupr\u00e8s des oliviers&nbsp;! (Tu peux aussi r\u00e9viser&nbsp;!)<\/em><\/p>\n\n\n\n<hr class=\"wp-block-separator has-alpha-channel-opacity\"\/>\n\n\n\n<h2 class=\"wp-block-heading has-colibri-color-1-color has-text-color has-link-color wp-elements-6d8445fb7aca4bbd40efc97a04223038\"><strong>28 novembre (14h) &#8211; 1er d\u00e9cembre&nbsp;(11h)&nbsp;: Retraite de l\u2019Avent<\/strong><\/h2>\n\n\n\n<h3 class=\"wp-block-heading has-text-align-left has-colibri-color-2-color has-text-color has-link-color wp-elements-170abb1c514007126601795c6626252e\"><strong>No\u00ebl&nbsp;: Myst\u00e8re de l\u2019amour de Dieu pour l\u2019homme<\/strong><\/h3>\n\n\n\n<p class=\"has-text-align-center\"><strong>&nbsp;Avec la Prof. Rosa Moreira (l&rsquo;Universit\u00e9, Portugal)&nbsp;<\/strong>:<\/p>\n\n\n\n<p class=\"has-text-align-center\">\u00ab\u00a0(Re)Na\u00eetre sous la lumi\u00e8re de l&rsquo;\u00e9toile de Bethl\u00e9em\u00a0\u00bb.<\/p>\n\n\n\n<p class=\"has-text-align-center\"><strong>Avec la Prof. Marie-Christine Haza\u00ebl-Massieux&nbsp;<\/strong>:<\/p>\n\n\n\n<p class=\"has-text-align-center\">\u00ab&nbsp;Nous aimons parce que Dieu nous a aim\u00e9s le premier&nbsp;\u00bb (1 Jn 3).&nbsp;<\/p>\n\n\n\n<p class=\"has-text-align-center\"><strong>Avec sr. Elai\u00e8 Bollen Abbesse de l\u2019Abbaye sainte Lioba<\/strong> : <\/p>\n\n\n\n<p class=\"has-text-align-center\">\u00ab\u00a0Un enfant nous est n\u00e9&#8230;<em>Dieu a ainsi voulu \u00eatre uni \u00e0 l&rsquo;homme<\/em>&#8230;\u00a0\u00bb<\/p>\n\n\n\n<p class=\"has-text-align-center\">(Sainte Hildegarde, Testament Proph\u00e9tique 68)<\/p>\n\n\n\n<hr class=\"wp-block-separator has-alpha-channel-opacity\"\/>\n\n\n\n<p class=\"has-text-align-center\"><\/p>\n\n\n\n<p><\/p>\n","protected":false},"excerpt":{"rendered":"<p>Nos sessions veulent vous donner la possibilit\u00e9 de vous ressourcer. Elles vous permettront de vivre un temps de recul, de r\u00e9flexion, de pri\u00e8re, d\u2019approfondir votre relation avec Dieu, de mieux conna\u00eetre le message des \u00e9vangiles. Pour vous inscrire voici notre adresse mail&nbsp;: benedictins@lioba.com Sessions et retraites en 2026 21 f\u00e9vrier (10h) -22 f\u00e9vrier (14h) Pause [&hellip;]<\/p>\n","protected":false},"author":1,"featured_media":1150,"parent":0,"menu_order":0,"comment_status":"closed","ping_status":"closed","template":"","meta":{"footnotes":""},"class_list":["post-1011","page","type-page","status-publish","has-post-thumbnail","hentry"],"_links":{"self":[{"href":"https:\/\/www.lioba.com\/index.php\/wp-json\/wp\/v2\/pages\/1011","targetHints":{"allow":["GET"]}}],"collection":[{"href":"https:\/\/www.lioba.com\/index.php\/wp-json\/wp\/v2\/pages"}],"about":[{"href":"https:\/\/www.lioba.com\/index.php\/wp-json\/wp\/v2\/types\/page"}],"author":[{"embeddable":true,"href":"https:\/\/www.lioba.com\/index.php\/wp-json\/wp\/v2\/users\/1"}],"replies":[{"embeddable":true,"href":"https:\/\/www.lioba.com\/index.php\/wp-json\/wp\/v2\/comments?post=1011"}],"version-history":[{"count":145,"href":"https:\/\/www.lioba.com\/index.php\/wp-json\/wp\/v2\/pages\/1011\/revisions"}],"predecessor-version":[{"id":1695,"href":"https:\/\/www.lioba.com\/index.php\/wp-json\/wp\/v2\/pages\/1011\/revisions\/1695"}],"wp:featuredmedia":[{"embeddable":true,"href":"https:\/\/www.lioba.com\/index.php\/wp-json\/wp\/v2\/media\/1150"}],"wp:attachment":[{"href":"https:\/\/www.lioba.com\/index.php\/wp-json\/wp\/v2\/media?parent=1011"}],"curies":[{"name":"wp","href":"https:\/\/api.w.org\/{rel}","templated":true}]}}