{"id":669,"date":"2024-06-11T13:49:50","date_gmt":"2024-06-11T11:49:50","guid":{"rendered":"https:\/\/www.lioba-artisanat.com\/lioba2024\/?page_id=669"},"modified":"2024-06-21T10:42:57","modified_gmt":"2024-06-21T08:42:57","slug":"moine-moniale","status":"publish","type":"page","link":"https:\/\/www.lioba.com\/index.php\/moine-moniale\/","title":{"rendered":"Moine, moniale"},"content":{"rendered":"\n<h2 class=\"wp-block-heading\">Devenir moine ou moniale b\u00e9n\u00e9dictin \u00e0 l\u2019Abbaye de Sainte Lioba<\/h2>\n\n\n\n<div class=\"wp-block-columns is-layout-flex wp-container-core-columns-is-layout-9d6595d7 wp-block-columns-is-layout-flex\">\n<div class=\"wp-block-column is-vertically-aligned-center is-layout-flow wp-block-column-is-layout-flow\">\n<p>\u00ab Ecoute mon fils, pr\u00eate l\u2019oreille de ton c\u0153ur, re\u00e7ois volontiers l\u2019enseignement d\u2019un si bon p\u00e8re et mets le en pratique\u2026 \u00bb<br>(Prologue de la R\u00e8gle de Saint Beno\u00eet)<\/p>\n<\/div>\n<\/div>\n\n\n\n<h2 class=\"wp-block-heading\"><strong>Franchir le seuil du monast\u00e8re aujourd\u2019hui&nbsp;:<\/strong><\/h2>\n\n\n\n<h4 class=\"wp-block-heading\"><strong>Un temps de discernement mutuel et de formation<\/strong><\/h4>\n\n\n\n<p>Quiconque d\u00e9sire vivre pour Dieu et chercher Dieu, dans une vie toute orient\u00e9e vers Lui, sans poser des conditions \u00e9trang\u00e8res \u00e0 notre vie, peut devenir fr\u00e8re ou s\u0153ur de notre communaut\u00e9 b\u00e9n\u00e9dictine \u00e0 Simiane. <\/p>\n\n\n\n<h6 class=\"wp-block-heading\"><strong>(Les textes qui suivent pour les moniales valent aussi pour les moines)<\/strong><\/h6>\n\n\n\n<h4 class=\"wp-block-heading\"><strong>Temps de discernement<\/strong><\/h4>\n\n\n\n<p>Une premi\u00e8re approche est propos\u00e9e \u00e0 travers diverses rencontres et s\u00e9jours au monast\u00e8re.<\/p>\n\n\n\n<p>Puis si la personne d\u00e9sire entrer dans la communaut\u00e9, sa vie monastique commence par un temps de postulat qui dure une ann\u00e9e, suivi du temps du noviciat de deux ans. , la postulante commence donc son noviciat en recevant la R\u00e8gle de Saint Beno\u00eet et l\u2019habit monastique. C\u2019est un temps de conversion \u00e0 la vie fraternelle, un temps d\u2019enracinement dans la vie monastique, un temps qui permet d\u2019entrer dans la pri\u00e8re et la vie communautaire.<\/p>\n\n\n\n<h4 class=\"wp-block-heading\"><strong>&nbsp;Temps d\u2019engagement<\/strong><\/h4>\n\n\n\n<p>Au bout de deux ans la novice peut demander \u00e0 la communaut\u00e9 de pouvoir s\u2019engager plus profond\u00e9ment dans la communaut\u00e9&nbsp;par des v\u0153ux temporaires qui vont la pr\u00e9parer \u00e0 l\u2019engagement d\u00e9finitif de la <strong>profession perp\u00e9tuelle<\/strong> et qui ouvre le temps de la fid\u00e9lit\u00e9.<\/p>\n\n\n\n<figure class=\"wp-block-gallery has-nested-images columns-default is-cropped wp-block-gallery-1 is-layout-flex wp-block-gallery-is-layout-flex\">\n<figure class=\"wp-block-image size-large\"><img loading=\"lazy\" decoding=\"async\" width=\"1024\" height=\"682\" data-id=\"1111\" src=\"https:\/\/www.lioba.com\/wp-content\/uploads\/2024\/06\/dev-1-C24-1024x682.jpg\" alt=\"\" class=\"wp-image-1111\" srcset=\"https:\/\/www.lioba.com\/wp-content\/uploads\/2024\/06\/dev-1-C24-1024x682.jpg 1024w, https:\/\/www.lioba.com\/wp-content\/uploads\/2024\/06\/dev-1-C24-300x200.jpg 300w, https:\/\/www.lioba.com\/wp-content\/uploads\/2024\/06\/dev-1-C24-768x512.jpg 768w, https:\/\/www.lioba.com\/wp-content\/uploads\/2024\/06\/dev-1-C24-1536x1024.jpg 1536w, https:\/\/www.lioba.com\/wp-content\/uploads\/2024\/06\/dev-1-C24.jpg 2000w\" sizes=\"auto, (max-width: 1024px) 100vw, 1024px\" \/><\/figure>\n\n\n\n<figure class=\"wp-block-image size-large\"><img loading=\"lazy\" decoding=\"async\" width=\"1024\" height=\"768\" data-id=\"1112\" src=\"https:\/\/www.lioba.com\/wp-content\/uploads\/2024\/06\/dev-2-Mariam-cartaC22-1024x768.jpg\" alt=\"\" class=\"wp-image-1112\" srcset=\"https:\/\/www.lioba.com\/wp-content\/uploads\/2024\/06\/dev-2-Mariam-cartaC22-1024x768.jpg 1024w, https:\/\/www.lioba.com\/wp-content\/uploads\/2024\/06\/dev-2-Mariam-cartaC22-300x225.jpg 300w, https:\/\/www.lioba.com\/wp-content\/uploads\/2024\/06\/dev-2-Mariam-cartaC22-768x576.jpg 768w, https:\/\/www.lioba.com\/wp-content\/uploads\/2024\/06\/dev-2-Mariam-cartaC22-1536x1152.jpg 1536w, https:\/\/www.lioba.com\/wp-content\/uploads\/2024\/06\/dev-2-Mariam-cartaC22.jpg 2000w\" sizes=\"auto, (max-width: 1024px) 100vw, 1024px\" \/><\/figure>\n\n\n\n<figure class=\"wp-block-image size-large\"><img loading=\"lazy\" decoding=\"async\" width=\"1024\" height=\"682\" data-id=\"1113\" src=\"https:\/\/www.lioba.com\/wp-content\/uploads\/2024\/06\/dev-3-engagement-Mariam--1024x682.jpg\" alt=\"\" class=\"wp-image-1113\" srcset=\"https:\/\/www.lioba.com\/wp-content\/uploads\/2024\/06\/dev-3-engagement-Mariam--1024x682.jpg 1024w, https:\/\/www.lioba.com\/wp-content\/uploads\/2024\/06\/dev-3-engagement-Mariam--300x200.jpg 300w, https:\/\/www.lioba.com\/wp-content\/uploads\/2024\/06\/dev-3-engagement-Mariam--768x512.jpg 768w, https:\/\/www.lioba.com\/wp-content\/uploads\/2024\/06\/dev-3-engagement-Mariam--1536x1024.jpg 1536w, https:\/\/www.lioba.com\/wp-content\/uploads\/2024\/06\/dev-3-engagement-Mariam-.jpg 2000w\" sizes=\"auto, (max-width: 1024px) 100vw, 1024px\" \/><\/figure>\n<\/figure>\n\n\n\n<h4 class=\"wp-block-heading\"><strong>La profession solennelle :<\/strong><\/h4>\n\n\n\n<p>Au cours d&rsquo;une Eucharistie -la profession solennelle est un engagement public et d&rsquo;Eglise-, la s\u0153ur ou le fr\u00e8re prononce <strong>les v\u0153ux de stabilit\u00e9, conversion du c\u0153ur, et ob\u00e9issance <\/strong>\u00a0\u00ab\u00a0pour toujours\u00a0\u00bb et chante\u00a0: <em>\u00ab\u00a0Accueille-moi, Seigneur, selon ta Parole et je vivrai, ne d\u00e9\u00e7ois pas mon attente\u00a0\u00bb\u00a0; c<\/em>\u2019est parce que nous savons qu\u2019il est fid\u00e8le, le Dieu qui nous a appel\u00e9es et que nous pouvons oser nous engager pour toute notre vie.<\/p>\n\n\n\n<div class=\"wp-block-columns is-layout-flex wp-container-core-columns-is-layout-9d6595d7 wp-block-columns-is-layout-flex\">\n<div class=\"wp-block-column is-layout-flow wp-block-column-is-layout-flow\"><div class=\"wp-block-image\">\n<figure class=\"alignright size-large is-resized\"><img loading=\"lazy\" decoding=\"async\" width=\"825\" height=\"1024\" src=\"https:\/\/www.lioba.com\/wp-content\/uploads\/2024\/06\/dev-freres-1-Muban-cart0bDSC07860-825x1024.jpg\" alt=\"\" class=\"wp-image-1114\" style=\"width:222px;height:auto\" srcset=\"https:\/\/www.lioba.com\/wp-content\/uploads\/2024\/06\/dev-freres-1-Muban-cart0bDSC07860-825x1024.jpg 825w, https:\/\/www.lioba.com\/wp-content\/uploads\/2024\/06\/dev-freres-1-Muban-cart0bDSC07860-242x300.jpg 242w, https:\/\/www.lioba.com\/wp-content\/uploads\/2024\/06\/dev-freres-1-Muban-cart0bDSC07860-768x953.jpg 768w, https:\/\/www.lioba.com\/wp-content\/uploads\/2024\/06\/dev-freres-1-Muban-cart0bDSC07860-1238x1536.jpg 1238w, https:\/\/www.lioba.com\/wp-content\/uploads\/2024\/06\/dev-freres-1-Muban-cart0bDSC07860.jpg 1612w\" sizes=\"auto, (max-width: 825px) 100vw, 825px\" \/><\/figure>\n<\/div><\/div>\n\n\n\n<div class=\"wp-block-column is-layout-flow wp-block-column-is-layout-flow\"><div class=\"wp-block-image\">\n<figure class=\"alignleft size-large is-resized\"><img loading=\"lazy\" decoding=\"async\" width=\"1024\" height=\"682\" src=\"https:\/\/www.lioba.com\/wp-content\/uploads\/2024\/06\/dev-freres-2-signer-carta--1024x682.jpg\" alt=\"\" class=\"wp-image-1115\" style=\"width:413px;height:auto\" srcset=\"https:\/\/www.lioba.com\/wp-content\/uploads\/2024\/06\/dev-freres-2-signer-carta--1024x682.jpg 1024w, https:\/\/www.lioba.com\/wp-content\/uploads\/2024\/06\/dev-freres-2-signer-carta--300x200.jpg 300w, https:\/\/www.lioba.com\/wp-content\/uploads\/2024\/06\/dev-freres-2-signer-carta--768x512.jpg 768w, https:\/\/www.lioba.com\/wp-content\/uploads\/2024\/06\/dev-freres-2-signer-carta--1536x1024.jpg 1536w, https:\/\/www.lioba.com\/wp-content\/uploads\/2024\/06\/dev-freres-2-signer-carta-.jpg 2000w\" sizes=\"auto, (max-width: 1024px) 100vw, 1024px\" \/><\/figure>\n<\/div><\/div>\n<\/div>\n\n\n\n<hr class=\"wp-block-separator has-text-color has-colibri-color-5-color has-alpha-channel-opacity has-colibri-color-5-background-color has-background\"\/>\n","protected":false},"excerpt":{"rendered":"<p>Devenir moine ou moniale b\u00e9n\u00e9dictin \u00e0 l\u2019Abbaye de Sainte Lioba \u00ab Ecoute mon fils, pr\u00eate l\u2019oreille de ton c\u0153ur, re\u00e7ois volontiers l\u2019enseignement d\u2019un si bon p\u00e8re et mets le en pratique\u2026 \u00bb(Prologue de la R\u00e8gle de Saint Beno\u00eet) Franchir le seuil du monast\u00e8re aujourd\u2019hui&nbsp;: Un temps de discernement mutuel et de formation Quiconque d\u00e9sire vivre [&hellip;]<\/p>\n","protected":false},"author":1,"featured_media":1160,"parent":0,"menu_order":0,"comment_status":"closed","ping_status":"closed","template":"","meta":{"footnotes":""},"class_list":["post-669","page","type-page","status-publish","has-post-thumbnail","hentry"],"_links":{"self":[{"href":"https:\/\/www.lioba.com\/index.php\/wp-json\/wp\/v2\/pages\/669","targetHints":{"allow":["GET"]}}],"collection":[{"href":"https:\/\/www.lioba.com\/index.php\/wp-json\/wp\/v2\/pages"}],"about":[{"href":"https:\/\/www.lioba.com\/index.php\/wp-json\/wp\/v2\/types\/page"}],"author":[{"embeddable":true,"href":"https:\/\/www.lioba.com\/index.php\/wp-json\/wp\/v2\/users\/1"}],"replies":[{"embeddable":true,"href":"https:\/\/www.lioba.com\/index.php\/wp-json\/wp\/v2\/comments?post=669"}],"version-history":[{"count":29,"href":"https:\/\/www.lioba.com\/index.php\/wp-json\/wp\/v2\/pages\/669\/revisions"}],"predecessor-version":[{"id":1477,"href":"https:\/\/www.lioba.com\/index.php\/wp-json\/wp\/v2\/pages\/669\/revisions\/1477"}],"wp:featuredmedia":[{"embeddable":true,"href":"https:\/\/www.lioba.com\/index.php\/wp-json\/wp\/v2\/media\/1160"}],"wp:attachment":[{"href":"https:\/\/www.lioba.com\/index.php\/wp-json\/wp\/v2\/media?parent=669"}],"curies":[{"name":"wp","href":"https:\/\/api.w.org\/{rel}","templated":true}]}}