{"id":671,"date":"2024-06-11T13:50:17","date_gmt":"2024-06-11T11:50:17","guid":{"rendered":"https:\/\/www.lioba-artisanat.com\/lioba2024\/?page_id=671"},"modified":"2024-06-24T11:02:59","modified_gmt":"2024-06-24T09:02:59","slug":"oblats-et-amis","status":"publish","type":"page","link":"https:\/\/www.lioba.com\/index.php\/oblats-et-amis\/","title":{"rendered":"Oblats"},"content":{"rendered":"\n<h2 class=\"wp-block-heading\">Le chemin de l\u2019oblature<\/h2>\n\n\n\n<p><br>Des hommes et des femmes peuvent, sans devenir moines ou moniales, s\u2019unir \u00e0 notre communaut\u00e9 monastique par un lien particulier qu\u2019on appelle l\u2019oblature et devenir oblat.<\/p>\n\n\n\n<figure class=\"wp-block-gallery has-nested-images columns-default is-cropped wp-block-gallery-1 is-layout-flex wp-block-gallery-is-layout-flex\">\n<figure class=\"wp-block-image size-large\"><img loading=\"lazy\" decoding=\"async\" width=\"1024\" height=\"682\" data-id=\"1117\" src=\"https:\/\/www.lioba.com\/wp-content\/uploads\/2024\/06\/oblats-1-Hazael-1024x682.jpg\" alt=\"\" class=\"wp-image-1117\" srcset=\"https:\/\/www.lioba.com\/wp-content\/uploads\/2024\/06\/oblats-1-Hazael-1024x682.jpg 1024w, https:\/\/www.lioba.com\/wp-content\/uploads\/2024\/06\/oblats-1-Hazael-300x200.jpg 300w, https:\/\/www.lioba.com\/wp-content\/uploads\/2024\/06\/oblats-1-Hazael-768x512.jpg 768w, https:\/\/www.lioba.com\/wp-content\/uploads\/2024\/06\/oblats-1-Hazael-1536x1024.jpg 1536w, https:\/\/www.lioba.com\/wp-content\/uploads\/2024\/06\/oblats-1-Hazael.jpg 2000w\" sizes=\"auto, (max-width: 1024px) 100vw, 1024px\" \/><\/figure>\n\n\n\n<figure class=\"wp-block-image size-large\"><img loading=\"lazy\" decoding=\"async\" width=\"1024\" height=\"682\" data-id=\"1118\" src=\"https:\/\/www.lioba.com\/wp-content\/uploads\/2024\/06\/oblats-2-signature-de-la-charte-1024x682.jpg\" alt=\"\" class=\"wp-image-1118\" srcset=\"https:\/\/www.lioba.com\/wp-content\/uploads\/2024\/06\/oblats-2-signature-de-la-charte-1024x682.jpg 1024w, https:\/\/www.lioba.com\/wp-content\/uploads\/2024\/06\/oblats-2-signature-de-la-charte-300x200.jpg 300w, https:\/\/www.lioba.com\/wp-content\/uploads\/2024\/06\/oblats-2-signature-de-la-charte-768x512.jpg 768w, https:\/\/www.lioba.com\/wp-content\/uploads\/2024\/06\/oblats-2-signature-de-la-charte-1536x1024.jpg 1536w, https:\/\/www.lioba.com\/wp-content\/uploads\/2024\/06\/oblats-2-signature-de-la-charte.jpg 2000w\" sizes=\"auto, (max-width: 1024px) 100vw, 1024px\" \/><\/figure>\n\n\n\n<figure class=\"wp-block-image size-large\"><img loading=\"lazy\" decoding=\"async\" width=\"1024\" height=\"768\" data-id=\"1119\" src=\"https:\/\/www.lioba.com\/wp-content\/uploads\/2024\/06\/oblats-3-Loblature-de-P-Gabriel-1024x768.jpg\" alt=\"\" class=\"wp-image-1119\" srcset=\"https:\/\/www.lioba.com\/wp-content\/uploads\/2024\/06\/oblats-3-Loblature-de-P-Gabriel-1024x768.jpg 1024w, https:\/\/www.lioba.com\/wp-content\/uploads\/2024\/06\/oblats-3-Loblature-de-P-Gabriel-300x225.jpg 300w, https:\/\/www.lioba.com\/wp-content\/uploads\/2024\/06\/oblats-3-Loblature-de-P-Gabriel-768x576.jpg 768w, https:\/\/www.lioba.com\/wp-content\/uploads\/2024\/06\/oblats-3-Loblature-de-P-Gabriel-1536x1152.jpg 1536w, https:\/\/www.lioba.com\/wp-content\/uploads\/2024\/06\/oblats-3-Loblature-de-P-Gabriel.jpg 2000w\" sizes=\"auto, (max-width: 1024px) 100vw, 1024px\" \/><\/figure>\n<\/figure>\n\n\n\n<p><br>Devenir oblat est une gr\u00e2ce, un appel particulier de Dieu pour certains chr\u00e9tiens, mari\u00e9s, ou c\u00e9libataires vivant dans le monde. Lors d\u2019une visite \u00e0 une abbaye, lors d\u2019une retraite, nous pouvons \u00eatre touch\u00e9 par l\u2019esprit qui r\u00e8gne dans une communaut\u00e9, par sa pri\u00e8re et un d\u00e9sir peut na\u00eetre d\u2019avoir un lien de communion avec cette communaut\u00e9 pour mieux pouvoir vivre sa vocation de chr\u00e9tien dans le monde\u2026<br>L\u2019Oblature b\u00e9n\u00e9dictine a ceci de sp\u00e9cifique qu\u2019un oblat ne devient pas oblat de l\u2019Ordre b\u00e9n\u00e9dictin, mais oblat d\u2019une abbaye ; il est li\u00e9 \u00e0 une communaut\u00e9 librement choisie. Le moine b\u00e9n\u00e9dictin Dom Gu\u00e9ranger \u00e9crit en parlant des oblats : \u00ab\u00a0Il doit y avoir une attirance sensible pour un endroit pr\u00e9cis.\u00a0\u00bb<\/p>\n\n\n\n<figure class=\"wp-block-gallery has-nested-images columns-default is-cropped wp-block-gallery-2 is-layout-flex wp-block-gallery-is-layout-flex\">\n<figure class=\"wp-block-image size-large\"><img loading=\"lazy\" decoding=\"async\" width=\"1024\" height=\"682\" data-id=\"1120\" src=\"https:\/\/www.lioba.com\/wp-content\/uploads\/2024\/06\/oblats-4-cueillir-des-olives-avec-les-oblats-1024x682.jpg\" alt=\"\" class=\"wp-image-1120\" srcset=\"https:\/\/www.lioba.com\/wp-content\/uploads\/2024\/06\/oblats-4-cueillir-des-olives-avec-les-oblats-1024x682.jpg 1024w, https:\/\/www.lioba.com\/wp-content\/uploads\/2024\/06\/oblats-4-cueillir-des-olives-avec-les-oblats-300x200.jpg 300w, https:\/\/www.lioba.com\/wp-content\/uploads\/2024\/06\/oblats-4-cueillir-des-olives-avec-les-oblats-768x512.jpg 768w, https:\/\/www.lioba.com\/wp-content\/uploads\/2024\/06\/oblats-4-cueillir-des-olives-avec-les-oblats-1536x1024.jpg 1536w, https:\/\/www.lioba.com\/wp-content\/uploads\/2024\/06\/oblats-4-cueillir-des-olives-avec-les-oblats.jpg 2000w\" sizes=\"auto, (max-width: 1024px) 100vw, 1024px\" \/><\/figure>\n\n\n\n<figure class=\"wp-block-image size-large\"><img loading=\"lazy\" decoding=\"async\" width=\"1024\" height=\"682\" data-id=\"1121\" src=\"https:\/\/www.lioba.com\/wp-content\/uploads\/2024\/06\/oblats-5-DSC07886-1024x682.jpg\" alt=\"\" class=\"wp-image-1121\" srcset=\"https:\/\/www.lioba.com\/wp-content\/uploads\/2024\/06\/oblats-5-DSC07886-1024x682.jpg 1024w, https:\/\/www.lioba.com\/wp-content\/uploads\/2024\/06\/oblats-5-DSC07886-300x200.jpg 300w, https:\/\/www.lioba.com\/wp-content\/uploads\/2024\/06\/oblats-5-DSC07886-768x512.jpg 768w, https:\/\/www.lioba.com\/wp-content\/uploads\/2024\/06\/oblats-5-DSC07886-1536x1024.jpg 1536w, https:\/\/www.lioba.com\/wp-content\/uploads\/2024\/06\/oblats-5-DSC07886.jpg 2000w\" sizes=\"auto, (max-width: 1024px) 100vw, 1024px\" \/><\/figure>\n\n\n\n<figure class=\"wp-block-image size-large\"><img loading=\"lazy\" decoding=\"async\" width=\"1024\" height=\"682\" data-id=\"1122\" src=\"https:\/\/www.lioba.com\/wp-content\/uploads\/2024\/06\/Oblats-6-1024x682.jpg\" alt=\"\" class=\"wp-image-1122\" srcset=\"https:\/\/www.lioba.com\/wp-content\/uploads\/2024\/06\/Oblats-6-1024x682.jpg 1024w, https:\/\/www.lioba.com\/wp-content\/uploads\/2024\/06\/Oblats-6-300x200.jpg 300w, https:\/\/www.lioba.com\/wp-content\/uploads\/2024\/06\/Oblats-6-768x512.jpg 768w, https:\/\/www.lioba.com\/wp-content\/uploads\/2024\/06\/Oblats-6-1536x1024.jpg 1536w, https:\/\/www.lioba.com\/wp-content\/uploads\/2024\/06\/Oblats-6.jpg 2000w\" sizes=\"auto, (max-width: 1024px) 100vw, 1024px\" \/><\/figure>\n<\/figure>\n\n\n\n<p><br>Les oblats de l\u2019Abbaye sainte Lioba s\u2019engagent, apr\u00e8s un temps plus ou moins long de r\u00e9flexion, de s\u2019unir \u00e0 la pri\u00e8re de la communaut\u00e9 en priant fid\u00e8lement un de leurs offices de la liturgie des heures. \u2022 Ils ont \u00e0 c\u0153ur de manifester leur attachement \u00e0 la communaut\u00e9 en se rendant de temps \u00e0 autres dans l\u2019Abbaye et parfois en rendant service, chacun selon sa gr\u00e2ce propre.<\/p>\n\n\n<div class=\"wp-block-image\">\n<figure class=\"aligncenter size-full is-resized\"><img loading=\"lazy\" decoding=\"async\" width=\"1024\" height=\"768\" src=\"https:\/\/www.lioba.com\/wp-content\/uploads\/2024\/06\/20191006_122424-Moyen.jpg\" alt=\"\" class=\"wp-image-1547\" style=\"width:388px;height:auto\" srcset=\"https:\/\/www.lioba.com\/wp-content\/uploads\/2024\/06\/20191006_122424-Moyen.jpg 1024w, https:\/\/www.lioba.com\/wp-content\/uploads\/2024\/06\/20191006_122424-Moyen-300x225.jpg 300w, https:\/\/www.lioba.com\/wp-content\/uploads\/2024\/06\/20191006_122424-Moyen-768x576.jpg 768w\" sizes=\"auto, (max-width: 1024px) 100vw, 1024px\" \/><\/figure>\n<\/div>\n\n\n<p><br> \u2022 Ils m\u00e8nent une vie ordinaire de leur \u00e9tat de la\u00efcs, dans leur famille, dans leur m\u00e9tier, dans la vie sociale en t\u00e9moignant chacun selon sa gr\u00e2ce propre de sa foi au Christ et en vivant \u00e0 l\u2019\u00e9coute de la R\u00e8gle de Saint Beno\u00eet. <br>\u2022 Les oblats entre eux sont unis par un lien fraternel et se retrouvent au moins une fois par an durant quelques jours pour une retraite \u00e0 l\u2019Abbaye et ils \u00e9changent entre eux par une petite chronique. <br>Celle ou celui qui a la mission dans la communaut\u00e9 d\u2019accompagner les oblats a aussi cette t\u00e2che de les mettre au courant des \u00e9v\u00e8nements importants de la vie de la communaut\u00e9 et en lien avec l\u2019Abbesse, de renforcer des liens fraternels et spirituels des oblats entre eux et avec la communaut\u00e9<\/p>\n\n\n<div class=\"wp-block-image\">\n<figure class=\"aligncenter size-large is-resized\"><img loading=\"lazy\" decoding=\"async\" width=\"1024\" height=\"768\" src=\"https:\/\/www.lioba.com\/wp-content\/uploads\/2024\/06\/oblats--1024x768.jpg\" alt=\"\" class=\"wp-image-1292\" style=\"width:371px;height:auto\" srcset=\"https:\/\/www.lioba.com\/wp-content\/uploads\/2024\/06\/oblats--1024x768.jpg 1024w, https:\/\/www.lioba.com\/wp-content\/uploads\/2024\/06\/oblats--300x225.jpg 300w, https:\/\/www.lioba.com\/wp-content\/uploads\/2024\/06\/oblats--768x576.jpg 768w, https:\/\/www.lioba.com\/wp-content\/uploads\/2024\/06\/oblats--1536x1152.jpg 1536w, https:\/\/www.lioba.com\/wp-content\/uploads\/2024\/06\/oblats-.jpg 2000w\" sizes=\"auto, (max-width: 1024px) 100vw, 1024px\" \/><\/figure>\n<\/div>\n\n\n<h2 class=\"wp-block-heading\">La charte de l\u2019Oblation<\/h2>\n\n\n\n<p>Au nom du P\u00e8re et du Fils et du Saint Esprit, Amen \u2022 Aujourd\u2019hui, en la f\u00eate de \u2026\u2026.., moi \u2026\u2026\u2026.n\u2019ayant rien de plus cher que le Christ, je d\u00e9sire m\u2019offrir au Seigneur dans un effort pers\u00e9v\u00e9rant de conversion \u00e9vang\u00e9lique \u00e0 l\u2019\u00e9cole de la R\u00e8gle de saint Beno\u00eet en lien avec les moines et les moniales b\u00e9n\u00e9dictins de l\u2019Abbaye de Sainte Lioba, et de faire rayonner l\u2019esprit de Saint Beno\u00eet dans toute ma vie. \u2022 -L\u2019oblat pourrait proposer d\u2019ajouter en cet endroit une phrase au texte pr\u00e9vu de la Charte.- \u2022 Je demande la gr\u00e2ce de Dieu et la pri\u00e8re des s\u0153urs et des fr\u00e8res ici rassembl\u00e9s.<\/p>\n\n\n\n<figure class=\"wp-block-gallery has-nested-images columns-default is-cropped wp-block-gallery-3 is-layout-flex wp-block-gallery-is-layout-flex\"><\/figure>\n","protected":false},"excerpt":{"rendered":"<p>Le chemin de l\u2019oblature Des hommes et des femmes peuvent, sans devenir moines ou moniales, s\u2019unir \u00e0 notre communaut\u00e9 monastique par un lien particulier qu\u2019on appelle l\u2019oblature et devenir oblat. Devenir oblat est une gr\u00e2ce, un appel particulier de Dieu pour certains chr\u00e9tiens, mari\u00e9s, ou c\u00e9libataires vivant dans le monde. Lors d\u2019une visite \u00e0 une [&hellip;]<\/p>\n","protected":false},"author":1,"featured_media":1231,"parent":0,"menu_order":-6,"comment_status":"closed","ping_status":"closed","template":"","meta":{"footnotes":""},"class_list":["post-671","page","type-page","status-publish","has-post-thumbnail","hentry"],"_links":{"self":[{"href":"https:\/\/www.lioba.com\/index.php\/wp-json\/wp\/v2\/pages\/671","targetHints":{"allow":["GET"]}}],"collection":[{"href":"https:\/\/www.lioba.com\/index.php\/wp-json\/wp\/v2\/pages"}],"about":[{"href":"https:\/\/www.lioba.com\/index.php\/wp-json\/wp\/v2\/types\/page"}],"author":[{"embeddable":true,"href":"https:\/\/www.lioba.com\/index.php\/wp-json\/wp\/v2\/users\/1"}],"replies":[{"embeddable":true,"href":"https:\/\/www.lioba.com\/index.php\/wp-json\/wp\/v2\/comments?post=671"}],"version-history":[{"count":21,"href":"https:\/\/www.lioba.com\/index.php\/wp-json\/wp\/v2\/pages\/671\/revisions"}],"predecessor-version":[{"id":1563,"href":"https:\/\/www.lioba.com\/index.php\/wp-json\/wp\/v2\/pages\/671\/revisions\/1563"}],"wp:featuredmedia":[{"embeddable":true,"href":"https:\/\/www.lioba.com\/index.php\/wp-json\/wp\/v2\/media\/1231"}],"wp:attachment":[{"href":"https:\/\/www.lioba.com\/index.php\/wp-json\/wp\/v2\/media?parent=671"}],"curies":[{"name":"wp","href":"https:\/\/api.w.org\/{rel}","templated":true}]}}