{"id":842,"date":"2024-06-13T17:25:25","date_gmt":"2024-06-13T15:25:25","guid":{"rendered":"https:\/\/www.lioba-artisanat.com\/lioba2024\/?page_id=842"},"modified":"2024-09-15T15:05:37","modified_gmt":"2024-09-15T13:05:37","slug":"amis","status":"publish","type":"page","link":"https:\/\/www.lioba.com\/index.php\/amis\/","title":{"rendered":"Amis"},"content":{"rendered":"\n<h2 class=\"wp-block-heading\">Les amis de notre monast\u00e8re<\/h2>\n\n\n\n<figure class=\"wp-block-image size-full\"><img loading=\"lazy\" decoding=\"async\" width=\"748\" height=\"153\" src=\"https:\/\/www.lioba.com\/wp-content\/uploads\/2024\/06\/moine-en-mouvement-2PSD-ban.gif\" alt=\"\" class=\"wp-image-1536\"\/><\/figure>\n\n\n\n<h3 class=\"wp-block-heading\">L\u2019amiti\u00e9 est un don de Dieu<\/h3>\n\n\n\n<p>\u00ab Nous avons tous une faiblesse, la mienne c\u2019est l\u2019amiti\u00e9 \u00bb<br>Cette parole d\u2019un P\u00e8re de l\u2019Eglise du 4\u00e8me si\u00e8cle \u2018Gr\u00e9goire de Naziance\u2019, est bien ch\u00e8re aux s\u0153urs et fr\u00e8res de l\u2019Abbaye Sainte Lioba.<br>Depuis le d\u00e9but du monachisme, les monast\u00e8res rayonnent autour d\u2019eux une gr\u00e2ce de paix pour ceux qui viennent s&rsquo;y ressourcer, une paix qu&rsquo;ils peuvent apporter ensuite dans le monde. Beno\u00eet lui-m\u00eame \u00e9tait un homme de paix et d\u2019une infinie amiti\u00e9 : \u00ab qui voit son fr\u00e8re voit Dieu \u00bb.<\/p>\n\n\n\n<figure class=\"wp-block-gallery has-nested-images columns-default is-cropped wp-block-gallery-1 is-layout-flex wp-block-gallery-is-layout-flex\">\n<figure class=\"wp-block-image size-large\"><img loading=\"lazy\" decoding=\"async\" width=\"1024\" height=\"449\" data-id=\"1100\" src=\"https:\/\/www.lioba.com\/wp-content\/uploads\/2024\/06\/amis-1-concert-avec-nos-amis-1-1024x449.jpg\" alt=\"\" class=\"wp-image-1100\" srcset=\"https:\/\/www.lioba.com\/wp-content\/uploads\/2024\/06\/amis-1-concert-avec-nos-amis-1-1024x449.jpg 1024w, https:\/\/www.lioba.com\/wp-content\/uploads\/2024\/06\/amis-1-concert-avec-nos-amis-1-300x132.jpg 300w, https:\/\/www.lioba.com\/wp-content\/uploads\/2024\/06\/amis-1-concert-avec-nos-amis-1-768x337.jpg 768w, https:\/\/www.lioba.com\/wp-content\/uploads\/2024\/06\/amis-1-concert-avec-nos-amis-1-1536x674.jpg 1536w, https:\/\/www.lioba.com\/wp-content\/uploads\/2024\/06\/amis-1-concert-avec-nos-amis-1.jpg 2000w\" sizes=\"auto, (max-width: 1024px) 100vw, 1024px\" \/><figcaption class=\"wp-element-caption\">Concert par la communaut\u00e9 pour nos amis<\/figcaption><\/figure>\n\n\n\n<figure class=\"wp-block-image size-large\"><img loading=\"lazy\" decoding=\"async\" width=\"1024\" height=\"682\" data-id=\"1101\" src=\"https:\/\/www.lioba.com\/wp-content\/uploads\/2024\/06\/amis-2-journee-damis-2-1024x682.jpg\" alt=\"\" class=\"wp-image-1101\" srcset=\"https:\/\/www.lioba.com\/wp-content\/uploads\/2024\/06\/amis-2-journee-damis-2-1024x682.jpg 1024w, https:\/\/www.lioba.com\/wp-content\/uploads\/2024\/06\/amis-2-journee-damis-2-300x200.jpg 300w, https:\/\/www.lioba.com\/wp-content\/uploads\/2024\/06\/amis-2-journee-damis-2-768x512.jpg 768w, https:\/\/www.lioba.com\/wp-content\/uploads\/2024\/06\/amis-2-journee-damis-2-1536x1024.jpg 1536w, https:\/\/www.lioba.com\/wp-content\/uploads\/2024\/06\/amis-2-journee-damis-2.jpg 2000w\" sizes=\"auto, (max-width: 1024px) 100vw, 1024px\" \/><\/figure>\n<\/figure>\n\n\n\n<figure class=\"wp-block-gallery has-nested-images columns-default is-cropped wp-block-gallery-2 is-layout-flex wp-block-gallery-is-layout-flex\">\n<figure class=\"wp-block-image size-large\"><img loading=\"lazy\" decoding=\"async\" width=\"1024\" height=\"682\" data-id=\"1102\" src=\"https:\/\/www.lioba.com\/wp-content\/uploads\/2024\/06\/amis-3-nos-amis-pour-les-amis-DSC06693-1024x682.jpg\" alt=\"\" class=\"wp-image-1102\" srcset=\"https:\/\/www.lioba.com\/wp-content\/uploads\/2024\/06\/amis-3-nos-amis-pour-les-amis-DSC06693-1024x682.jpg 1024w, https:\/\/www.lioba.com\/wp-content\/uploads\/2024\/06\/amis-3-nos-amis-pour-les-amis-DSC06693-300x200.jpg 300w, https:\/\/www.lioba.com\/wp-content\/uploads\/2024\/06\/amis-3-nos-amis-pour-les-amis-DSC06693-768x512.jpg 768w, https:\/\/www.lioba.com\/wp-content\/uploads\/2024\/06\/amis-3-nos-amis-pour-les-amis-DSC06693-1536x1024.jpg 1536w, https:\/\/www.lioba.com\/wp-content\/uploads\/2024\/06\/amis-3-nos-amis-pour-les-amis-DSC06693.jpg 2000w\" sizes=\"auto, (max-width: 1024px) 100vw, 1024px\" \/><figcaption class=\"wp-element-caption\">partage de nos amis pour nos amis<\/figcaption><\/figure>\n\n\n\n<figure class=\"wp-block-image size-large\"><img loading=\"lazy\" decoding=\"async\" width=\"1024\" height=\"682\" data-id=\"1104\" src=\"https:\/\/www.lioba.com\/wp-content\/uploads\/2024\/06\/amis-5-invites-au-refectoire-1024x682.jpg\" alt=\"\" class=\"wp-image-1104\" srcset=\"https:\/\/www.lioba.com\/wp-content\/uploads\/2024\/06\/amis-5-invites-au-refectoire-1024x682.jpg 1024w, https:\/\/www.lioba.com\/wp-content\/uploads\/2024\/06\/amis-5-invites-au-refectoire-300x200.jpg 300w, https:\/\/www.lioba.com\/wp-content\/uploads\/2024\/06\/amis-5-invites-au-refectoire-768x512.jpg 768w, https:\/\/www.lioba.com\/wp-content\/uploads\/2024\/06\/amis-5-invites-au-refectoire-1536x1024.jpg 1536w, https:\/\/www.lioba.com\/wp-content\/uploads\/2024\/06\/amis-5-invites-au-refectoire.jpg 2000w\" sizes=\"auto, (max-width: 1024px) 100vw, 1024px\" \/><\/figure>\n<\/figure>\n\n\n\n<p>Les moines et moniales de Sainte Lioba comptent des \u00ab amis \u00bb qui les aident par leurs conseils, leur soutien, pour que les communaut\u00e9s puissent vivre et rayonner ici en Provence.<strong>Une association s\u2019est cr\u00e9\u00e9e : \u00ab Les Amis de Saint Beno\u00eet et de Sainte Lioba \u00bb.<\/strong> Pour \u00eatre membre de l\u2019Association la cotisation annuelle est \u00e0 partir de 16 euros (le cheque est \u00e0 libeller \u00e0 : \u00ab Les Amis de Saint Beno\u00eet et de Sainte Lioba \u00bb. Mais vous pouvez aussi devenir amis en vivant un lien spirituel avec le monast\u00e8re et en rendant parfois service d\u2019une autre mani\u00e8re, par exemple en nous faisant conna\u00eetre et nous sommes aussi tr\u00e8s reconnaissantes pour cela.<\/p>\n\n\n<div class=\"wp-block-image\">\n<figure class=\"aligncenter size-large is-resized\"><img loading=\"lazy\" decoding=\"async\" width=\"1024\" height=\"766\" src=\"https:\/\/www.lioba.com\/wp-content\/uploads\/2024\/06\/amis-4-nos-amis-nous-aident-Nos-hotes-nous-aident-2-1024x766.jpg\" alt=\"\" class=\"wp-image-1103\" style=\"width:556px;height:auto\" srcset=\"https:\/\/www.lioba.com\/wp-content\/uploads\/2024\/06\/amis-4-nos-amis-nous-aident-Nos-hotes-nous-aident-2-1024x766.jpg 1024w, https:\/\/www.lioba.com\/wp-content\/uploads\/2024\/06\/amis-4-nos-amis-nous-aident-Nos-hotes-nous-aident-2-300x225.jpg 300w, https:\/\/www.lioba.com\/wp-content\/uploads\/2024\/06\/amis-4-nos-amis-nous-aident-Nos-hotes-nous-aident-2-768x575.jpg 768w, https:\/\/www.lioba.com\/wp-content\/uploads\/2024\/06\/amis-4-nos-amis-nous-aident-Nos-hotes-nous-aident-2-1536x1150.jpg 1536w, https:\/\/www.lioba.com\/wp-content\/uploads\/2024\/06\/amis-4-nos-amis-nous-aident-Nos-hotes-nous-aident-2.jpg 2000w\" sizes=\"auto, (max-width: 1024px) 100vw, 1024px\" \/><\/figure>\n<\/div>\n\n\n<p class=\"has-medium-font-size\">Nous tenons r\u00e9guli\u00e8rement nos amis au courant des \u00e9v\u00e8nements marquants de la communaut\u00e9 et une fois par an nous avons une journ\u00e9e d\u2019amiti\u00e9 !<\/p>\n\n\n\n<h3 class=\"wp-block-heading\"><strong>Cette journ\u00e9e d\u2019amiti\u00e9 aura lieu cette ann\u00e9e le 24 novembre 2024<\/strong><\/h3>\n\n\n\n<p class=\"has-large-font-size\">et commencera avec l\u2019Eucharistie \u00e0 11:15. Vous \u00eates tous invit\u00e9s !<\/p>\n","protected":false},"excerpt":{"rendered":"<p>Les amis de notre monast\u00e8re L\u2019amiti\u00e9 est un don de Dieu \u00ab Nous avons tous une faiblesse, la mienne c\u2019est l\u2019amiti\u00e9 \u00bbCette parole d\u2019un P\u00e8re de l\u2019Eglise du 4\u00e8me si\u00e8cle \u2018Gr\u00e9goire de Naziance\u2019, est bien ch\u00e8re aux s\u0153urs et fr\u00e8res de l\u2019Abbaye Sainte Lioba.Depuis le d\u00e9but du monachisme, les monast\u00e8res rayonnent autour d\u2019eux une gr\u00e2ce [&hellip;]<\/p>\n","protected":false},"author":1,"featured_media":1156,"parent":0,"menu_order":0,"comment_status":"closed","ping_status":"closed","template":"","meta":{"footnotes":""},"class_list":["post-842","page","type-page","status-publish","has-post-thumbnail","hentry"],"_links":{"self":[{"href":"https:\/\/www.lioba.com\/index.php\/wp-json\/wp\/v2\/pages\/842","targetHints":{"allow":["GET"]}}],"collection":[{"href":"https:\/\/www.lioba.com\/index.php\/wp-json\/wp\/v2\/pages"}],"about":[{"href":"https:\/\/www.lioba.com\/index.php\/wp-json\/wp\/v2\/types\/page"}],"author":[{"embeddable":true,"href":"https:\/\/www.lioba.com\/index.php\/wp-json\/wp\/v2\/users\/1"}],"replies":[{"embeddable":true,"href":"https:\/\/www.lioba.com\/index.php\/wp-json\/wp\/v2\/comments?post=842"}],"version-history":[{"count":16,"href":"https:\/\/www.lioba.com\/index.php\/wp-json\/wp\/v2\/pages\/842\/revisions"}],"predecessor-version":[{"id":1566,"href":"https:\/\/www.lioba.com\/index.php\/wp-json\/wp\/v2\/pages\/842\/revisions\/1566"}],"wp:featuredmedia":[{"embeddable":true,"href":"https:\/\/www.lioba.com\/index.php\/wp-json\/wp\/v2\/media\/1156"}],"wp:attachment":[{"href":"https:\/\/www.lioba.com\/index.php\/wp-json\/wp\/v2\/media?parent=842"}],"curies":[{"name":"wp","href":"https:\/\/api.w.org\/{rel}","templated":true}]}}